{"id":174,"date":"2025-04-04T16:11:07","date_gmt":"2025-04-04T15:11:07","guid":{"rendered":"https:\/\/parquediscovery.pt\/pt\/wp-booking-calendar"},"modified":"2026-05-01T21:23:06","modified_gmt":"2026-05-01T20:23:06","slug":"booking","status":"publish","type":"page","link":"https:\/\/parquediscovery.pt\/de\/booking","title":{"rendered":"Reservieren"},"content":{"rendered":"\n\n\n<p class=\"title\"><strong><img decoding=\"async\" src=\"\/wp-content\/uploads\/window.png\" width=\"30\" \/>Ideale Zeitfenster<\/strong><\/p>\n\n\n\n<div class=\"wp-block-columns is-layout-flex wp-container-core-columns-is-layout-28f84493 wp-block-columns-is-layout-flex\">\n<div class=\"wp-block-column is-layout-flow wp-block-column-is-layout-flow\" style=\"flex-basis:100%\">\n<p>Osterferien: 28. M\u00e4rz &#8211; 06. Apr 2026 (bereits ausgebucht) \/ 09. &#8211; 19. April 2026<\/p>\n<\/div>\n<\/div>\n\n\n\n<p>\u2794 <em>Preise auf Anfrage<\/em><\/p>\n\n\n\n<div class=\"forminator-guttenberg\"><div class=\"forminator-ui forminator-custom-form forminator-custom-form-927 forminator-design--flat  forminator_ajax\" data-forminator-render=\"0\" data-form=\"forminator-module-927\" data-uid=\"69f938ed9b7ca\"><br\/><\/div><form\n\t\t\t\tid=\"forminator-module-927\"\n\t\t\t\tclass=\"forminator-ui forminator-custom-form forminator-custom-form-927 forminator-design--flat  forminator_ajax\"\n\t\t\t\tmethod=\"post\"\n\t\t\t\tdata-forminator-render=\"0\"\n\t\t\t\tdata-form-id=\"927\"\n\t\t\t\t data-color-option=\"theme\" data-design=\"flat\" data-grid=\"open\" style=\"display: none;\"\n\t\t\t\tdata-uid=\"69f938ed9b7ca\"\n\t\t\t><div role=\"alert\" aria-live=\"polite\" class=\"forminator-response-message forminator-error\" aria-hidden=\"true\"><\/div><div class=\"forminator-row\"><div id=\"html-1\" class=\"forminator-field-html forminator-col forminator-col-12  title\"><div class=\"forminator-field forminator-merge-tags\" data-field=\"html-1\"><p><strong><img decoding=\"async\" width=\"30\" src=\"\/wp-content\/uploads\/suitcase.png\">An-\/Abreise<\/strong><\/p><\/div><\/div><\/div><div class=\"forminator-row\"><div id=\"group-1\" class=\"forminator-field-group forminator-col forminator-col-12 \"><label class=\"forminator-label forminator-repeater-label\">An-\/Abreise<\/label><div class=\"forminator-all-group-copies\"><div class=\"forminator-grouped-fields\" data-options=\"{&quot;is_repeater&quot;:false,&quot;min_type&quot;:&quot;custom&quot;,&quot;max_type&quot;:&quot;custom&quot;,&quot;min&quot;:1,&quot;max&quot;:9223372036854775807,&quot;add_text&quot;:&quot;Element hinzuf\\u00fcgen&quot;,&quot;remove_text&quot;:&quot;Element entfernen&quot;,&quot;action_element_type&quot;:&quot;button&quot;}\"><div class=\"forminator-row\"><div id=\"date-1\" class=\"forminator-field-date forminator-col forminator-col-6 \"><div class=\"forminator-field\"><div class=\"forminator-input-with-icon\"><span class=\"forminator-icon-calendar\" aria-hidden=\"true\"><\/span><input autocomplete=\"off\" type=\"text\" size=\"1\" name=\"date-1\" value=\"\" placeholder=\"Anreisedatum\" id=\"forminator-field-date-1-picker_69f938ed9b7ca\" class=\"forminator-input forminator-datepicker\" data-required=\"1\" data-format=\"dd.mm.yy\" data-restrict-type=\"\" data-restrict=\"\" data-start-year=\"2026\" data-end-year=\"2028\" data-past-dates=\"enable\" data-start-of-week=\"0\" data-start-date=\"2026-05-06\" data-end-date=\"2028-05-05\" data-start-field=\"\" data-end-field=\"\" data-start-offset=\"\" data-end-offset=\"\" data-disable-date=\"\" data-disable-range=\"\" \/><\/div><\/div><\/div><div id=\"date-2\" class=\"forminator-field-date forminator-col forminator-col-6 \"><div class=\"forminator-field\"><div class=\"forminator-input-with-icon\"><span class=\"forminator-icon-calendar\" aria-hidden=\"true\"><\/span><input autocomplete=\"off\" type=\"text\" size=\"1\" name=\"date-2\" value=\"\" placeholder=\"Abreisedatum\" id=\"forminator-field-date-2-picker_69f938ed9b7ca\" class=\"forminator-input forminator-datepicker\" data-required=\"1\" data-format=\"dd.mm.yy\" data-restrict-type=\"\" data-restrict=\"\" data-start-year=\"2026\" data-end-year=\"2028\" data-past-dates=\"enable\" data-start-of-week=\"0\" data-start-date=\"2026-05-06\" data-end-date=\"2028-05-05\" data-start-field=\"\" data-end-field=\"\" data-start-offset=\"\" data-end-offset=\"\" data-disable-date=\"\" data-disable-range=\"\" \/><\/div><\/div><\/div><\/div><div class=\"forminator-row\"><div id=\"date-3\" class=\"forminator-field-date forminator-col forminator-col-6 \"><div class=\"forminator-field\"><div class=\"forminator-input-with-icon\"><span class=\"forminator-icon-calendar\" aria-hidden=\"true\"><\/span><input autocomplete=\"off\" type=\"text\" size=\"1\" name=\"date-3\" value=\"\" placeholder=\"Alternatives Anreisedatum\" id=\"forminator-field-date-3-picker_69f938ed9b7ca\" class=\"forminator-input forminator-datepicker\" data-required=\"\" data-format=\"dd.mm.yy\" data-restrict-type=\"\" data-restrict=\"\" data-start-year=\"2026\" data-end-year=\"2028\" data-past-dates=\"enable\" data-start-of-week=\"0\" data-start-date=\"2026-05-06\" data-end-date=\"2028-05-05\" data-start-field=\"\" data-end-field=\"\" data-start-offset=\"\" data-end-offset=\"\" data-disable-date=\"\" data-disable-range=\"\" \/><\/div><\/div><\/div><div id=\"date-4\" class=\"forminator-field-date forminator-col forminator-col-6 \"><div class=\"forminator-field\"><div class=\"forminator-input-with-icon\"><span class=\"forminator-icon-calendar\" aria-hidden=\"true\"><\/span><input autocomplete=\"off\" type=\"text\" size=\"1\" name=\"date-4\" value=\"\" placeholder=\"Alternatives Abreisedatum\" id=\"forminator-field-date-4-picker_69f938ed9b7ca\" class=\"forminator-input forminator-datepicker\" data-required=\"\" data-format=\"dd.mm.yy\" data-restrict-type=\"\" data-restrict=\"\" data-start-year=\"2026\" data-end-year=\"2028\" data-past-dates=\"enable\" data-start-of-week=\"0\" data-start-date=\"2026-05-06\" data-end-date=\"2028-05-05\" data-start-field=\"\" data-end-field=\"\" data-start-offset=\"\" data-end-offset=\"\" data-disable-date=\"\" data-disable-range=\"\" \/><\/div><\/div><\/div><\/div><div class=\"forminator-row\"><div id=\"select-1\" class=\"forminator-field-select forminator-col forminator-col-12 \"><div class=\"forminator-field\"><select  id=\"forminator-form-927__field--select-1_69f938ed9b7ca\" class=\"forminator-select--field forminator-select2 forminator-select2-multiple\" data-required=\"1\" name=\"select-1\" data-default-value=\"\" data-hidden-behavior=\"zero\" data-placeholder=\"Ferienart\" data-search=\"false\" data-search-placeholder=\"Ferienart\" data-checkbox=\"false\" data-allow-clear=\"false\" aria-labelledby=\"forminator-form-927__field--select-1_69f938ed9b7ca-label\" aria-describedby=\"forminator-form-927__field--select-1_69f938ed9b7ca-description\"><option value=\"\"  >Ferienart<\/option><option value=\"Gemeinsame Ferien\"  data-calculation=\"0\">Gemeinsame Ferien mit vom Steins<\/option><option value=\"Selbst\u00e4ndige Ferien\"  data-calculation=\"0\">Selbst\u00e4ndige Ferien<\/option><\/select><span id=\"forminator-form-927__field--select-1_69f938ed9b7ca-description\" class=\"forminator-description\">Essen, Ausfl\u00fcge &#8230;<\/span><\/div><\/div><\/div><\/div><\/div><\/div><\/div><div class=\"forminator-row\"><div id=\"html-3\" class=\"forminator-field-html forminator-col forminator-col-12  title\"><div class=\"forminator-field forminator-merge-tags\" data-field=\"html-3\"><p><strong><img decoding=\"async\" width=\"30\" src=\"\/wp-content\/uploads\/group.png\">Kontaktdaten<\/strong><\/p><\/div><\/div><\/div><div class=\"forminator-row\"><div id=\"group-3\" class=\"forminator-field-group forminator-col forminator-col-12 \"><label class=\"forminator-label forminator-repeater-label\">Personen<\/label><div class=\"forminator-all-group-copies\"><div class=\"forminator-grouped-fields\" data-options=\"{&quot;is_repeater&quot;:false,&quot;min_type&quot;:&quot;custom&quot;,&quot;max_type&quot;:&quot;custom&quot;,&quot;min&quot;:1,&quot;max&quot;:90,&quot;add_text&quot;:&quot;Element hinzuf\\u00fcgen&quot;,&quot;remove_text&quot;:&quot;Element entfernen&quot;,&quot;action_element_type&quot;:&quot;icon&quot;}\"><div class=\"forminator-row\"><div id=\"text-1\" class=\"forminator-field-text forminator-col forminator-col-12 \"><div class=\"forminator-field\"><input type=\"text\" name=\"text-1\" value=\"\" placeholder=\"Name der Gruppe\" id=\"forminator-field-text-1_69f938ed9b7ca\" class=\"forminator-input forminator-name--field\" data-required=\"1\" aria-describedby=\"forminator-field-text-1_69f938ed9b7ca-description\" \/><span id=\"forminator-field-text-1_69f938ed9b7ca-description\" class=\"forminator-description\">z. B. Familie vom Stein<\/span><\/div><\/div><\/div><div class=\"forminator-row\"><div id=\"name-1\" class=\"forminator-field-name forminator-col forminator-col-6 \"><div class=\"forminator-field\"><input type=\"text\" name=\"name-1\" value=\"\" placeholder=\"Vorname\" id=\"forminator-field-name-1_69f938ed9b7ca\" class=\"forminator-input forminator-name--field\" aria-required=\"true\" autocomplete=\"name\" \/><\/div><\/div><div id=\"name-2\" class=\"forminator-field-name forminator-col forminator-col-6 \"><div class=\"forminator-field\"><input type=\"text\" name=\"name-2\" value=\"\" placeholder=\"Nachname\" id=\"forminator-field-name-2_69f938ed9b7ca\" class=\"forminator-input forminator-name--field\" aria-required=\"true\" autocomplete=\"name\" \/><\/div><\/div><\/div><div class=\"forminator-row\"><div id=\"number-1\" class=\"forminator-field-number forminator-col forminator-col-6 \"><div class=\"forminator-field\"><input name=\"number-1\" value=\"\" placeholder=\"Anzahl Personen\" id=\"forminator-field-number-1_69f938ed9b7ca\" class=\"forminator-input forminator-number--field\" inputmode=\"decimal\" data-required=\"1\" data-decimals=\"0\" aria-required=\"true\" data-inputmask=\"&#039;groupSeparator&#039;: &#039;&#039;, &#039;radixPoint&#039;: &#039;&#039;, &#039;digits&#039;: &#039;0&#039;\" data-hidden-behavior=\"zero\" type=\"number\" step=\"any\" min=\"1\" max=\"90\" \/><\/div><\/div><div id=\"email-1\" class=\"forminator-field-email forminator-col forminator-col-6 \"><div class=\"forminator-field\"><input type=\"email\" name=\"email-1\" value=\"\" placeholder=\"Email\" id=\"forminator-field-email-1_69f938ed9b7ca\" class=\"forminator-input forminator-email--field\" data-required=\"1\" aria-required=\"true\" autocomplete=\"email\" \/><\/div><\/div><\/div><div class=\"forminator-row\"><div id=\"textarea-1\" class=\"forminator-field-textarea forminator-col forminator-col-12 \"><div class=\"forminator-field\"><textarea name=\"textarea-1\" placeholder=\"Bemerkungen\" id=\"forminator-field-textarea-1_69f938ed9b7ca\" class=\"forminator-textarea\" rows=\"6\" style=\"--forminator-textarea-min-height:140px;\" ><\/textarea><\/div><\/div><\/div><\/div><\/div><\/div><\/div><input type=\"hidden\" name=\"referer_url\" value=\"\" \/><div class=\"forminator-row forminator-row-last\"><div class=\"forminator-col\"><div class=\"forminator-field\"><button class=\"forminator-button forminator-button-submit\">Senden<\/button><\/div><\/div><\/div><input type=\"hidden\" id=\"forminator_nonce\" name=\"forminator_nonce\" value=\"f709812021\" \/><input type=\"hidden\" name=\"_wp_http_referer\" value=\"\/de\/wp-json\/wp\/v2\/pages\/174\" \/><input type=\"hidden\" name=\"form_id\" value=\"927\"><input type=\"hidden\" name=\"page_id\" value=\"174\"><input type=\"hidden\" name=\"form_type\" value=\"default\"><input type=\"hidden\" name=\"current_url\" value=\"https:\/\/parquediscovery.pt\/de\/booking\"><input type=\"hidden\" name=\"render_id\" value=\"0\"><input type=\"hidden\" name=\"action\" value=\"forminator_submit_form_custom-forms\"><label for=\"input_14\" class=\"forminator-hidden\" aria-hidden=\"true\">Bitte f\u00fclle dieses Feld nicht aus. <input id=\"input_14\" type=\"text\" name=\"input_14\" value=\"\" autocomplete=\"off\"><\/label><\/form><\/div>\n\n\n\n\n\n<div class=\"wp-block-columns booking-title is-layout-flex wp-container-core-columns-is-layout-28f84493 wp-block-columns-is-layout-flex\" id=\"booking-title-calendar\">\n<div class=\"wp-block-column is-layout-flow wp-block-column-is-layout-flow\" style=\"flex-basis:100%\">\n<strong><img decoding=\"async\" src=\"\/wp-content\/uploads\/ticket.png\" width=\"30\" \/>Reisedaten<\/strong>\n<\/div>\n<\/div>\n\n\n\n<div class=\"wp-block-columns booking-title is-layout-flex wp-container-core-columns-is-layout-28f84493 wp-block-columns-is-layout-flex\" id=\"booking-title-name\">\n<div class=\"wp-block-column is-layout-flow wp-block-column-is-layout-flow\" style=\"flex-basis:100%\">\n<strong><img decoding=\"async\" src=\"\/wp-content\/uploads\/card.png\" width=\"30\" \/>Kontaktdaten<\/strong>\n<\/div>\n<\/div>\n\n\n\n<div class=\"wp-block-columns booking-title is-layout-flex wp-container-core-columns-is-layout-28f84493 wp-block-columns-is-layout-flex\" id=\"booking-title-visitors\">\n<div class=\"wp-block-column is-layout-flow wp-block-column-is-layout-flow\" style=\"flex-basis:100%\">\n<strong><img decoding=\"async\" src=\"\/wp-content\/uploads\/group.png\" width=\"30\" \/>Anzahl G\u00e4ste<\/strong>\n<span>Mindestanzahl <em>&#8211;<\/em> Personen, mit \u00dcbernachtung ab <em>&#8211;<\/em> Personen m\u00f6glich<\/span>\n<\/div>\n<\/div>\n\n\n\n<div class=\"wp-block-columns booking-title is-layout-flex wp-container-core-columns-is-layout-28f84493 wp-block-columns-is-layout-flex\" id=\"booking-title-additionalguests\">\n<div class=\"wp-block-column is-layout-flow wp-block-column-is-layout-flow\" style=\"flex-basis:100%\">\n<strong><img decoding=\"async\" src=\"\/wp-content\/uploads\/group.png\" width=\"30\" \/>Zus\u00e4tzliche G\u00e4ste<\/strong>\n<span>G\u00e4ste die sp\u00e4ter anreisen oder fr\u00fcher abreisen<\/span>\n<\/div>\n<\/div>\n\n\n\n<div class=\"wp-block-columns booking-title is-layout-flex wp-container-core-columns-is-layout-28f84493 wp-block-columns-is-layout-flex\" id=\"booking-title-museum\">\n<div class=\"wp-block-column is-layout-flow wp-block-column-is-layout-flow\" style=\"flex-basis:100%\">\n<strong><img decoding=\"async\" src=\"\/wp-content\/uploads\/tree.png\" width=\"30\" \/>Zum Aufenthalt<\/strong>\n<span>Inklusiv<\/span>\n<ul id=\"booking-inclusive\">\n<li>WLAN<\/li>\n<li>Zimmer<\/li>\n<li>Speisesaal<\/li>\n<li>Gut ausger\u00fcstete K\u00fcche<\/li>\n<li>Grill (mit Absprache)<\/li>\n<li>Warmwasser f\u00fcr Duschen<\/li>\n<li>Pool und Spielplatz<\/li>\n<li>Volleyballfeld<\/li>\n<li>und eine besondere Landschaft im Herzen der Natur \ud83d\ude42<\/li>\n<\/ul>\n<span>Jeder Gast sollte seinen eigenen Schlafsack + Kopfkissen + Handt\u00fccher + Toilettenartikel mitbringen.<\/span>\n<\/div>\n<\/div>\n\n\n\n<p class=\"booking-desc\" id=\"booking-desc-visitors\"><strong>-\u20ac<\/strong> ab <em>&#8211;<\/em> Jahre<\/p>\n\n\n\n<p class=\"booking-desc\" id=\"booking-desc-visitorschildren\"><strong>-\u20ac<\/strong> von <em>&#8211;<\/em> bis <em>&#8211;<\/em> Jahre, kein eigenes Bett<\/p>\n\n\n\n<p class=\"booking-desc\" id=\"booking-desc-visitorsfree\"><strong>-\u20ac<\/strong> unter <em>&#8211;<\/em> Jahre<\/p>\n\n\n\n<p class=\"booking-desc\" id=\"booking-desc-museum\">+ <strong>-\u20ac<\/strong> pro Person ab <em>&#8211;<\/em> Jahre<\/p>\n\n\n\n<p class=\"booking-desc\" id=\"booking-desc-auditorium\">f\u00fcr Gruppen mit weniger als <em>&#8211;<\/em> Teilnehmern: <strong>-\u20ac<\/strong> extra<\/p>\n\n\n\n<p class=\"booking-desc\" id=\"booking-desc-kitchen\">mit \u00dcbernachtung inbegriffen, f\u00fcr Tagesbesucher: <strong>-\u20ac<\/strong> extra<\/p>\n\n\n\n<p class=\"booking-desc\" id=\"booking-desc-programs\">Taufen, Geburtstagsfeiern, besondere Veranstaltungsprogramme, sonstige W\u00fcnsche etc.<\/p>\n\n\n\n<p class=\"booking-desc\" id=\"booking-desc-details\">Zus\u00e4tzliche Tages- oder \u00dcbernachtunsg\u00e4ste bitte hier angeben<\/p>\n","protected":false},"excerpt":{"rendered":"<p>Ideale Zeitfenster Osterferien: 28.<br \/> M\u00e4rz &#8211; 06.<br \/> Apr 2026 (bereits ausgebucht) \/ 09.<br \/> &#8211; 19.<br \/> April 2026 \u2794 Preise auf Anfrage Preisliste Anzahl N\u00e4chte Erwachsener*[\u2026]<\/p>\n","protected":false},"author":1,"featured_media":1914,"parent":0,"menu_order":0,"comment_status":"closed","ping_status":"closed","template":"","meta":{"remove_blocks_before_content":false,"remove_blocks_after_content":false,"disable_reading_progress_bar":false,"inline_featured_image":false,"footnotes":""},"class_list":["post-174","page","type-page","status-publish","has-post-thumbnail","hentry"],"_links":{"self":[{"href":"https:\/\/parquediscovery.pt\/de\/wp-json\/wp\/v2\/pages\/174","targetHints":{"allow":["GET"]}}],"collection":[{"href":"https:\/\/parquediscovery.pt\/de\/wp-json\/wp\/v2\/pages"}],"about":[{"href":"https:\/\/parquediscovery.pt\/de\/wp-json\/wp\/v2\/types\/page"}],"author":[{"embeddable":true,"href":"https:\/\/parquediscovery.pt\/de\/wp-json\/wp\/v2\/users\/1"}],"replies":[{"embeddable":true,"href":"https:\/\/parquediscovery.pt\/de\/wp-json\/wp\/v2\/comments?post=174"}],"version-history":[{"count":161,"href":"https:\/\/parquediscovery.pt\/de\/wp-json\/wp\/v2\/pages\/174\/revisions"}],"predecessor-version":[{"id":5488,"href":"https:\/\/parquediscovery.pt\/de\/wp-json\/wp\/v2\/pages\/174\/revisions\/5488"}],"wp:featuredmedia":[{"embeddable":true,"href":"https:\/\/parquediscovery.pt\/de\/wp-json\/wp\/v2\/media\/1914"}],"wp:attachment":[{"href":"https:\/\/parquediscovery.pt\/de\/wp-json\/wp\/v2\/media?parent=174"}],"curies":[{"name":"wp","href":"https:\/\/api.w.org\/{rel}","templated":true}]}}