{"id":450,"date":"2025-04-07T10:14:50","date_gmt":"2025-04-07T09:14:50","guid":{"rendered":"https:\/\/parquediscovery.pt\/en\/?page_id=450"},"modified":"2026-02-28T08:31:27","modified_gmt":"2026-02-28T08:31:27","slug":"about","status":"publish","type":"page","link":"https:\/\/parquediscovery.pt\/de\/about","title":{"rendered":"\u00dcber uns"},"content":{"rendered":"\n<p class=\"has-text-align-left\">Hallo, wir sind Familie vom Stein: Alexander &#038; Christiane mit Anna, Jonathan, Daniel und Romely. Wir kommen aus Deutschland und sind 2019 nach Portugal gezogen. Unser Hauptanliegen ist es, mit anderen \u00fcber Jesus zu reden, den wir als unseren Herrn und Erl\u00f6ser, aber auch als den Sch\u00f6pfer kennen. Die Bibel, das Wort Gottes, ist bis heute unser st\u00e4ndiger Begleiter, und auch nach so langer Zeit des Studiums dieses unvergleichlichen Schatzes sind wir immer noch erstaunt \u00fcber die Entdeckungen, die uns dieses Buch bietet.<\/p>\n\n\n\n<div class=\"alignnormal\"><div id=\"metaslider-id-1678\" style=\"width: 100%;\" class=\"ml-slider-3-108-0 metaslider metaslider-flex metaslider-1678 ml-slider has-dots-nav ms-theme-bubble\" role=\"region\" aria-label=\"Family\" data-height=\"600\" data-width=\"1200\">\n    <div id=\"metaslider_container_1678\">\n        <div id=\"metaslider_1678\">\n            <ul class='slides'>\n                <li style=\"display: block; width: 100%;\" class=\"slide-1679 ms-image \" aria-roledescription=\"slide\" data-date=\"2025-04-18 15:19:06\" data-filename=\"Vom_Stein_2021-109-1200x600.jpg\" data-slide-type=\"image\"><img loading=\"lazy\" decoding=\"async\" src=\"https:\/\/parquediscovery.pt\/wp-content\/uploads\/Vom_Stein_2021-109-1200x600.jpg\" height=\"600\" width=\"1200\" alt=\"\" class=\"slider-1678 slide-1679 msDefaultImage\" title=\"SONY DSC\" \/><\/li>\n                <li style=\"display: none; width: 100%;\" class=\"slide-1680 ms-image \" aria-roledescription=\"slide\" data-date=\"2025-04-18 15:19:26\" data-filename=\"Vom_Stein_2021-41-1200x600.jpg\" data-slide-type=\"image\"><img loading=\"lazy\" decoding=\"async\" src=\"https:\/\/parquediscovery.pt\/wp-content\/uploads\/Vom_Stein_2021-41-1200x600.jpg\" height=\"600\" width=\"1200\" alt=\"\" class=\"slider-1678 slide-1680 msDefaultImage\" title=\"SONY DSC\" \/><\/li>\n                <li style=\"display: none; width: 100%;\" class=\"slide-1681 ms-image \" aria-roledescription=\"slide\" data-date=\"2025-04-18 15:19:38\" data-filename=\"Vom_Stein_2021-94-1200x600.jpg\" data-slide-type=\"image\"><img loading=\"lazy\" decoding=\"async\" src=\"https:\/\/parquediscovery.pt\/wp-content\/uploads\/Vom_Stein_2021-94-1200x600.jpg\" height=\"600\" width=\"1200\" alt=\"\" class=\"slider-1678 slide-1681 msDefaultImage\" title=\"SONY DSC\" \/><\/li>\n            <\/ul>\n        <\/div>\n        \n    <\/div>\n<\/div><\/div>\n\n\n\n<p>Gott hat sich in Jesus Christus offenbart und m\u00f6chte uns durch Sein Wort und Seinen Geist in die ganze Wahrheit f\u00fchren. Auch die Weltgeschichte l\u00e4sst Sein Handeln erkennen und die ganze Sch\u00f6pfung weist auf IHN hin. Die Wissenschaft ist ein gro\u00dfartiges Werkzeug, um diese atemberaubende Sch\u00f6nheit und Gr\u00f6\u00dfe zu entdecken, die vom kleinsten Quantenteilchen bis zur gr\u00f6\u00dften Galaxie im Kosmos reicht. Wir haben in unserem Museum Geologie, Pal\u00e4ontologie, Arch\u00e4ologie und andere Wissenschaftsbereiche genutzt, um etwas in diesem Zusammenhang zu pr\u00e4sentieren.<\/p>\n\n\n\n<p class=\"has-text-align-left\">Weil wir solche begeisternden Entdeckungen gerne teilen, freuen wir uns im Parque Discovery einiges von der farbenfrohen Geschichte der Bibel und der Sch\u00f6pfung zeigen zu k\u00f6nnen. <strong>Komm und entdecke die Wahrheit im Entdeckerpark!<\/strong><\/p>\n\n\n\n<div class=\"wp-block-buttons is-content-justification-center is-layout-flex wp-container-core-buttons-is-layout-a89b3969 wp-block-buttons-is-layout-flex\">\n<div class=\"wp-block-button\"><a class=\"wp-block-button__link has-white-color has-primary-background-color has-text-color has-background has-link-color has-small-font-size has-custom-font-size wp-element-button\" href=\"https:\/\/parquediscovery.pt\/wp-content\/uploads\/articles_de.pdf\" target=\"_blank\" rel=\"noreferrer noopener\">Vereinssatzung<\/a><\/div>\n<\/div>\n\n\n\n<div style=\"height:50px\" aria-hidden=\"true\" class=\"wp-block-spacer\"><\/div>\n\n\n\n\n\n<div style=\"height:20px\" aria-hidden=\"true\" class=\"wp-block-spacer\"><\/div>\n\n\n\n<p class=\"has-text-align-center\">Von Lissabon kommend, folgst du der A 8 bis zur Ausfahrt Mafra\/Malveira, die dich auf die A 21 bringt. Folge der A 21 bis zur Ausfahrt \u201eMafra Oeste\u201c (gleich nach der Ausfahrt \u201eMafra Este\u201c). Von hier aus folgst du der Beschilderung in Richtung Torres Vedras.<br>Am 3. Kreisverkehr biegst du rechts ab in Richtung Barreiralva. Nach 500 Metern siehst du auf der rechten Seite ein Schild mit der Aufschrift \u201eDiscovery Park 1,5 km\u201c. Biege erneut rechts ab (Rua do Caracol) und folge den Schildern \u201eDiscovery Park\u201c. Nach 100 Metern biegst du erneut rechts ab in Richtung Rua Casal do Mato. Folge dieser Stra\u00dfe f\u00fcr 1,5 Kilometer\u2026 <strong>und du bist am Ziel!<\/strong><br>Wenn du dich verfahren hast, rufe uns an, wir helfen dir gerne weiter!<\/p>\n\n\n\n<div class=\"wp-block-columns is-layout-flex wp-container-core-columns-is-layout-28f84493 wp-block-columns-is-layout-flex\" id=\"imprint\">\n<div class=\"wp-block-column is-layout-flow wp-block-column-is-layout-flow\" style=\"flex-basis:100%\">\n<div style=\"height:30px\" aria-hidden=\"true\" class=\"wp-block-spacer\"><\/div>\n\n\n\n<h2 class=\"wp-block-heading has-text-align-center\" id=\"impressum\" id=\"impressum\" id=\"impressum\">Impressum<\/h2>\n\n\n\n<p class=\"has-text-align-center\"><strong>Gemeinn\u00fctziger Verein in Portugal<\/strong><br>Associa\u00e7\u00e3o Parque Discovery<br>NIF 515937452<\/p>\n<\/div>\n<\/div>\n\n\n\n<div class=\"wp-block-columns is-layout-flex wp-container-core-columns-is-layout-28f84493 wp-block-columns-is-layout-flex\" id=\"contact\">\n<div class=\"wp-block-column is-layout-flow wp-block-column-is-layout-flow\" style=\"flex-basis:100%\">\n<div style=\"height:30px\" aria-hidden=\"true\" class=\"wp-block-spacer\"><\/div>\n\n\n\n<h2 class=\"wp-block-heading has-text-align-center\" id=\"kontakt\" id=\"kontakt\" id=\"kontakt\">Kontakt<\/h2>\n\n\n\n<p class=\"has-text-align-center\"><a href=\"https:\/\/maps.app.goo.gl\/umWcDZc1sYXjX2eAA\" target=\"_blank\" rel=\"noreferrer noopener\">Parque Discovery &#8211; Quinta O\u00e1sis<br>Rua Casal do Mato, Barreiralva<br>2640-416 Mafra<\/a><\/p>\n\n\n\n<p class=\"has-text-align-center\"><a href=\"mailto:team@parquediscovery.pt\" data-type=\"mailto\" data-id=\"mailto:team@parquediscovery.pt\">team@parquediscovery.pt<\/a><br><a href=\"tel:+351920471763\">+351 920 471 763<\/a><\/p>\n<\/div>\n<\/div>\n\n\n\n<div class=\"forminator-guttenberg\"><div class=\"forminator-ui forminator-custom-form forminator-custom-form-1546 forminator-design--flat  forminator_ajax\" data-forminator-render=\"0\" data-form=\"forminator-module-1546\" data-uid=\"69f4533a2daa0\"><br\/><\/div><form\n\t\t\t\tid=\"forminator-module-1546\"\n\t\t\t\tclass=\"forminator-ui forminator-custom-form forminator-custom-form-1546 forminator-design--flat  forminator_ajax\"\n\t\t\t\tmethod=\"post\"\n\t\t\t\tdata-forminator-render=\"0\"\n\t\t\t\tdata-form-id=\"1546\"\n\t\t\t\t data-color-option=\"theme\" data-design=\"flat\" data-grid=\"open\" style=\"display: none;\"\n\t\t\t\tdata-uid=\"69f4533a2daa0\"\n\t\t\t><div role=\"alert\" aria-live=\"polite\" class=\"forminator-response-message forminator-error\" aria-hidden=\"true\"><\/div><div class=\"forminator-row\"><div id=\"group-3\" class=\"forminator-field-group forminator-col forminator-col-12 \"><div class=\"forminator-all-group-copies\"><div class=\"forminator-grouped-fields\" data-options=\"{&quot;is_repeater&quot;:false,&quot;min_type&quot;:&quot;custom&quot;,&quot;max_type&quot;:&quot;custom&quot;,&quot;min&quot;:1,&quot;max&quot;:90,&quot;add_text&quot;:&quot;Element hinzuf\\u00fcgen&quot;,&quot;remove_text&quot;:&quot;Element entfernen&quot;,&quot;action_element_type&quot;:&quot;icon&quot;}\"><div class=\"forminator-row\"><div id=\"name-1\" class=\"forminator-field-name forminator-col forminator-col-6 \"><div class=\"forminator-field\"><label for=\"forminator-field-name-1_69f4533a2daa0\" id=\"forminator-field-name-1_69f4533a2daa0-label\" class=\"forminator-label\">Vorname <span class=\"forminator-required\">*<\/span><\/label><input type=\"text\" name=\"name-1\" value=\"\" placeholder=\"\" id=\"forminator-field-name-1_69f4533a2daa0\" class=\"forminator-input forminator-name--field\" aria-required=\"true\" autocomplete=\"name\" \/><\/div><\/div><div id=\"name-2\" class=\"forminator-field-name forminator-col forminator-col-6 \"><div class=\"forminator-field\"><label for=\"forminator-field-name-2_69f4533a2daa0\" id=\"forminator-field-name-2_69f4533a2daa0-label\" class=\"forminator-label\">Nachname <span class=\"forminator-required\">*<\/span><\/label><input type=\"text\" name=\"name-2\" value=\"\" placeholder=\"\" id=\"forminator-field-name-2_69f4533a2daa0\" class=\"forminator-input forminator-name--field\" aria-required=\"true\" autocomplete=\"name\" \/><\/div><\/div><\/div><div class=\"forminator-row\"><div id=\"phone-1\" class=\"forminator-field-phone forminator-col forminator-col-6 \"><div class=\"forminator-field\"><label for=\"forminator-field-phone-1_69f4533a2daa0\" id=\"forminator-field-phone-1_69f4533a2daa0-label\" class=\"forminator-label\">Telefon<\/label><input type=\"text\" name=\"phone-1\" value=\"\" placeholder=\"z.\u00a0B. 123 4567 89\" id=\"forminator-field-phone-1_69f4533a2daa0\" class=\"forminator-input forminator-field--phone\" data-required=\"\" aria-required=\"false\" autocomplete=\"off\" data-national_mode=\"disabled\" data-country=\"de\" data-validation=\"international\" \/><\/div><\/div><div id=\"email-1\" class=\"forminator-field-email forminator-col forminator-col-6 \"><div class=\"forminator-field\"><label for=\"forminator-field-email-1_69f4533a2daa0\" id=\"forminator-field-email-1_69f4533a2daa0-label\" class=\"forminator-label\">Email <span class=\"forminator-required\">*<\/span><\/label><input type=\"email\" name=\"email-1\" value=\"\" placeholder=\"z. B. team@parquediscovery.pt\" id=\"forminator-field-email-1_69f4533a2daa0\" class=\"forminator-input forminator-email--field\" data-required=\"1\" aria-required=\"true\" autocomplete=\"email\" \/><\/div><\/div><\/div><div class=\"forminator-row\"><div id=\"text-1\" class=\"forminator-field-text forminator-col forminator-col-12 \"><div class=\"forminator-field\"><label for=\"forminator-field-text-1_69f4533a2daa0\" id=\"forminator-field-text-1_69f4533a2daa0-label\" class=\"forminator-label\">Betreff <span class=\"forminator-required\">*<\/span><\/label><input type=\"text\" name=\"text-1\" value=\"\" placeholder=\"\" id=\"forminator-field-text-1_69f4533a2daa0\" class=\"forminator-input forminator-name--field\" data-required=\"1\" \/><\/div><\/div><\/div><div class=\"forminator-row\"><div id=\"textarea-1\" class=\"forminator-field-textarea forminator-col forminator-col-12 \"><div class=\"forminator-field\"><label for=\"forminator-field-textarea-1_69f4533a2daa0\" id=\"forminator-field-textarea-1_69f4533a2daa0-label\" class=\"forminator-label\">Nachricht <span class=\"forminator-required\">*<\/span><\/label><textarea name=\"textarea-1\" placeholder=\"\" id=\"forminator-field-textarea-1_69f4533a2daa0\" class=\"forminator-textarea\" rows=\"6\" style=\"--forminator-textarea-min-height:140px;\" ><\/textarea><\/div><\/div><\/div><\/div><\/div><\/div><\/div><input type=\"hidden\" name=\"referer_url\" value=\"\" \/><div class=\"forminator-row forminator-row-last\"><div class=\"forminator-col\"><div class=\"forminator-field\"><button class=\"forminator-button forminator-button-submit\">Senden<\/button><\/div><\/div><\/div><input type=\"hidden\" id=\"forminator_nonce\" name=\"forminator_nonce\" value=\"b2e406e199\" \/><input type=\"hidden\" name=\"_wp_http_referer\" value=\"\/de\/wp-json\/wp\/v2\/pages\/450\" \/><input type=\"hidden\" name=\"form_id\" value=\"1546\"><input type=\"hidden\" name=\"page_id\" value=\"450\"><input type=\"hidden\" name=\"form_type\" value=\"default\"><input type=\"hidden\" name=\"current_url\" value=\"https:\/\/parquediscovery.pt\/de\/about\"><input type=\"hidden\" name=\"render_id\" value=\"0\"><input type=\"hidden\" name=\"action\" value=\"forminator_submit_form_custom-forms\"><label for=\"input_8\" class=\"forminator-hidden\" aria-hidden=\"true\">Bitte f\u00fclle dieses Feld nicht aus. <input id=\"input_8\" type=\"text\" name=\"input_8\" value=\"\" autocomplete=\"off\"><\/label><\/form><\/div>\n\n\n\n<figure data-wp-context=\"{&quot;imageId&quot;:&quot;69f4533a388d5&quot;}\" data-wp-interactive=\"core\/image\" data-wp-key=\"69f4533a388d5\" class=\"wp-block-image size-large is-resized wp-lightbox-container\"><img loading=\"lazy\" decoding=\"async\" width=\"1024\" height=\"628\" data-wp-class--hide=\"state.isContentHidden\" data-wp-class--show=\"state.isContentVisible\" data-wp-init=\"callbacks.setButtonStyles\" data-wp-on--click=\"actions.showLightbox\" data-wp-on--load=\"callbacks.setButtonStyles\" data-wp-on-window--resize=\"callbacks.setButtonStyles\" src=\"https:\/\/parquediscovery.pt\/wp-content\/uploads\/Parque-Discovery-Map-1024x628.png\" alt=\"\" class=\"wp-image-3796\" style=\"width:500px\" srcset=\"https:\/\/parquediscovery.pt\/wp-content\/uploads\/Parque-Discovery-Map-1024x628.png 1024w, https:\/\/parquediscovery.pt\/wp-content\/uploads\/Parque-Discovery-Map-300x184.png 300w, https:\/\/parquediscovery.pt\/wp-content\/uploads\/Parque-Discovery-Map-768x471.png 768w, https:\/\/parquediscovery.pt\/wp-content\/uploads\/Parque-Discovery-Map.png 2000w\" sizes=\"auto, (max-width: 1024px) 100vw, 1024px\" \/><button\n\t\t\tclass=\"lightbox-trigger\"\n\t\t\ttype=\"button\"\n\t\t\taria-haspopup=\"dialog\"\n\t\t\taria-label=\"Vergr\u00f6\u00dfern\"\n\t\t\tdata-wp-init=\"callbacks.initTriggerButton\"\n\t\t\tdata-wp-on--click=\"actions.showLightbox\"\n\t\t\tdata-wp-style--right=\"state.imageButtonRight\"\n\t\t\tdata-wp-style--top=\"state.imageButtonTop\"\n\t\t>\n\t\t\t<svg xmlns=\"http:\/\/www.w3.org\/2000\/svg\" width=\"12\" height=\"12\" fill=\"none\" viewBox=\"0 0 12 12\">\n\t\t\t\t<path fill=\"#fff\" d=\"M2 0a2 2 0 0 0-2 2v2h1.5V2a.5.5 0 0 1 .5-.5h2V0H2Zm2 10.5H2a.5.5 0 0 1-.5-.5V8H0v2a2 2 0 0 0 2 2h2v-1.5ZM8 12v-1.5h2a.5.5 0 0 0 .5-.5V8H12v2a2 2 0 0 1-2 2H8Zm2-12a2 2 0 0 1 2 2v2h-1.5V2a.5.5 0 0 0-.5-.5H8V0h2Z\" \/>\n\t\t\t<\/svg>\n\t\t<\/button><\/figure>\n\n\n\n<p class=\"has-text-align-center\"><\/p>\n","protected":false},"excerpt":{"rendered":"<p>Hallo, wir sind Familie vom Stein: Alexander &#038; Christiane mit Anna, Jonathan, Daniel und Romely.<br \/> Wir kommen aus Deutschland und sind 2019 nach Portugal gezogen.<br \/>[\u2026]<\/p>\n","protected":false},"author":1,"featured_media":1668,"parent":0,"menu_order":0,"comment_status":"closed","ping_status":"closed","template":"","meta":{"remove_blocks_before_content":false,"remove_blocks_after_content":false,"disable_reading_progress_bar":false,"inline_featured_image":false,"footnotes":""},"class_list":["post-450","page","type-page","status-publish","has-post-thumbnail","hentry"],"_links":{"self":[{"href":"https:\/\/parquediscovery.pt\/de\/wp-json\/wp\/v2\/pages\/450","targetHints":{"allow":["GET"]}}],"collection":[{"href":"https:\/\/parquediscovery.pt\/de\/wp-json\/wp\/v2\/pages"}],"about":[{"href":"https:\/\/parquediscovery.pt\/de\/wp-json\/wp\/v2\/types\/page"}],"author":[{"embeddable":true,"href":"https:\/\/parquediscovery.pt\/de\/wp-json\/wp\/v2\/users\/1"}],"replies":[{"embeddable":true,"href":"https:\/\/parquediscovery.pt\/de\/wp-json\/wp\/v2\/comments?post=450"}],"version-history":[{"count":69,"href":"https:\/\/parquediscovery.pt\/de\/wp-json\/wp\/v2\/pages\/450\/revisions"}],"predecessor-version":[{"id":5318,"href":"https:\/\/parquediscovery.pt\/de\/wp-json\/wp\/v2\/pages\/450\/revisions\/5318"}],"wp:featuredmedia":[{"embeddable":true,"href":"https:\/\/parquediscovery.pt\/de\/wp-json\/wp\/v2\/media\/1668"}],"wp:attachment":[{"href":"https:\/\/parquediscovery.pt\/de\/wp-json\/wp\/v2\/media?parent=450"}],"curies":[{"name":"wp","href":"https:\/\/api.w.org\/{rel}","templated":true}]}}