{"id":531,"date":"2025-04-07T11:54:09","date_gmt":"2025-04-07T10:54:09","guid":{"rendered":"https:\/\/parquediscovery.pt\/en\/?page_id=531"},"modified":"2026-01-20T12:38:54","modified_gmt":"2026-01-20T12:38:54","slug":"rules","status":"publish","type":"page","link":"https:\/\/parquediscovery.pt\/de\/rules","title":{"rendered":"Parkregeln"},"content":{"rendered":"\n<p class=\"has-text-align-center has-primary-color has-text-color has-link-color has-medium-font-size wp-elements-5a5497fef97378a41e3d42c837e345fe\">Hilf mit, den Parque Discovery als einen Ort der Freude und Entdeckung zu bewahren \u2013 f\u00fcr dich, f\u00fcr andere, f\u00fcr die n\u00e4chste Generation.<\/p>\n\n\n\n<div class=\"wp-block-columns is-layout-flex wp-container-core-columns-is-layout-28f84493 wp-block-columns-is-layout-flex\" id=\"rules\">\n<div class=\"wp-block-column is-layout-flow wp-block-column-is-layout-flow\" style=\"flex-basis:100%\">\n\n\n\n\n\n\n<p class=\"rule\">Die <strong>R\u00e4umlichkeiten<\/strong> m\u00fcssen wie angetroffen sauber und ordentlich hinterlassen werden<\/p>\n\n\n\n\n\n\n\n<p class=\"rule\">Bitte <strong>keine Einrichtungsgegenst\u00e4nde <\/strong>ohne vorherige Absprache und Zustimmung umr\u00e4umen. Wenn du Haushaltsger\u00e4te, digitale Ger\u00e4te oder andere Gegenst\u00e4nde ben\u00f6tigst, wende dich bitte an uns. Wir stellen gerne zur Verf\u00fcgung was vorhanden ist.<\/p>\n\n\n\n<p class=\"rule\">Aufgrund der begrenzten elektrischen Leistung bitten wir von der Verwendung von <strong>Haartrocknern und anderen leistungsstarken Ger\u00e4ten<\/strong> (besonders Heizungen und Wasserkocher), die nicht zum Park geh\u00f6ren, abzusehen. F\u00fcr den Einsatz anderer externer Ger\u00e4te bitten wir um Absprache.<\/p>\n\n\n\n<p class=\"rule\">Die <strong>Ruhezeit <\/strong>in den Schlafr\u00e4umen beginnt um <strong>22 Uhr<\/strong>. Im Speisesaal und im Seminarraum gibt es keine Beschr\u00e4nkungen f\u00fcr die Lautst\u00e4rke.<\/p>\n\n\n\n<p class=\"rule\">Bitte keine <strong>Haustiere <\/strong>mitbringen.<\/p>\n\n\n\n<p class=\"rule\">Bitte das <strong>keinen Abfall auf dem Gel\u00e4nde hinterlassen<\/strong>. Auf Dinge, bei denen sich dies erfahrungsgem\u00e4\u00df nicht vermeiden l\u00e4sst, zum Beispiel Luftballons (auch &#8222;Wasserbomben&#8220;), einzeln verpackte S\u00fc\u00dfigkeiten, Konfetti, Farbspray und Feuerwerk muss leider verzichtet werden. Bitte auch die Spuren von Gel\u00e4ndespielen (wie Ralley, Schnitzeljagd, Schatzsuche) restlos wieder entfernen.<\/p>\n\n\n\n<p class=\"rule\">Die <strong>Fahrzeuge der Teilnehmer <\/strong>m\u00fcssen auf dem Au\u00dfenparkplatz abgestellt werden. Nur zum Ein- und Ausladen von Lebensmitteln und Freizeitmaterial (Technik, Dekoration, Spiele usw.) der Gruppe darf der Parque befahren werden.<\/p>\n\n\n\n<p class=\"rule\">Das <strong>Trampolin<\/strong> darf bis <strong>maximal 100 Kilogramm<\/strong> belastet werden und es d\u00fcrfen nicht mehr als <strong>2 Personen gleichzeitig<\/strong> darauf springen. Kinder m\u00fcssen w\u00e4hrend der Benutzung beaufsichtigt werden.<\/p>\n\n\n\n<p class=\"rule\"><strong>Schwimmbad<\/strong><\/p>\n\n\n\n<p class=\"rule-desc has-small-font-size\">\u2713 Bei Benutzung muss mindestens eine zweite Person anwesend sein.<br>\u2713 <strong>Kinder m\u00fcssen jederzeit begleitet und beaufsichtigt werden.<\/strong><br>\u2713 Bitte die Holzabdeckung am Beckenrand nicht betreten.<br>\u2713 Es darf nur <strong>Badekleidung <\/strong>getragen werden (keine T-Shirts, Unterw\u00e4sche, Freizeitkleidung).<br>\u2713 Lange Haare sollten vor dem Betreten des Schwimmbeckens zusammengebunden werden.<\/p>\n\n\n\n\n\n\n\n\n\n\n\n<p class=\"has-text-align-center\"><strong>Diese Parkregeln sind f\u00fcr alle G\u00e4ste verbindlich!<br>Danke f\u00fcr eure Mithilfe<\/strong><\/p>\n<\/div>\n<\/div>\n","protected":false},"excerpt":{"rendered":"<p>Hilf mit, den Parque Discovery als einen Ort der Freude und Entdeckung zu bewahren \u2013 f\u00fcr dich, f\u00fcr andere, f\u00fcr die n\u00e4chste Generation.<br \/> Die R\u00e4umlichkeiten[\u2026]<\/p>\n","protected":false},"author":1,"featured_media":1948,"parent":0,"menu_order":0,"comment_status":"closed","ping_status":"closed","template":"","meta":{"remove_blocks_before_content":false,"remove_blocks_after_content":false,"disable_reading_progress_bar":false,"inline_featured_image":false,"footnotes":""},"class_list":["post-531","page","type-page","status-publish","has-post-thumbnail","hentry"],"_links":{"self":[{"href":"https:\/\/parquediscovery.pt\/de\/wp-json\/wp\/v2\/pages\/531","targetHints":{"allow":["GET"]}}],"collection":[{"href":"https:\/\/parquediscovery.pt\/de\/wp-json\/wp\/v2\/pages"}],"about":[{"href":"https:\/\/parquediscovery.pt\/de\/wp-json\/wp\/v2\/types\/page"}],"author":[{"embeddable":true,"href":"https:\/\/parquediscovery.pt\/de\/wp-json\/wp\/v2\/users\/1"}],"replies":[{"embeddable":true,"href":"https:\/\/parquediscovery.pt\/de\/wp-json\/wp\/v2\/comments?post=531"}],"version-history":[{"count":62,"href":"https:\/\/parquediscovery.pt\/de\/wp-json\/wp\/v2\/pages\/531\/revisions"}],"predecessor-version":[{"id":5244,"href":"https:\/\/parquediscovery.pt\/de\/wp-json\/wp\/v2\/pages\/531\/revisions\/5244"}],"wp:featuredmedia":[{"embeddable":true,"href":"https:\/\/parquediscovery.pt\/de\/wp-json\/wp\/v2\/media\/1948"}],"wp:attachment":[{"href":"https:\/\/parquediscovery.pt\/de\/wp-json\/wp\/v2\/media?parent=531"}],"curies":[{"name":"wp","href":"https:\/\/api.w.org\/{rel}","templated":true}]}}