{"id":2954,"date":"2025-04-23T18:40:02","date_gmt":"2025-04-23T17:40:02","guid":{"rendered":"https:\/\/parquediscovery.pt\/pt\/?post_type=product&#038;p=2954"},"modified":"2025-04-25T12:13:48","modified_gmt":"2025-04-25T11:13:48","slug":"creatio","status":"publish","type":"product","link":"https:\/\/parquediscovery.pt\/de\/book\/creatio","title":{"rendered":"Creatio"},"content":{"rendered":"<p><strong>CREATIO<\/strong> ist das erste deutschsprachige Lehrbuch, in dem das biblische Sch\u00f6pfungsmodell ausf\u00fchrlich vorgestellt wird.<\/p>\n<p><strong>CREATIO<\/strong> eignet sich f\u00fcr Jugendliche ab 14 Jahren. Ausgehend vom heutigen Stand der Wissenschaft werden selbst komplizierte Sachverhalte leicht verst\u00e4ndlich erkl\u00e4rt. Die beigef\u00fcgte DVD h\u00e4lt neben dem Buch im PDF-Format weitergehende und vertiefende Dokumentationen bereit.<\/p>\n<p><strong>CREATIO<\/strong> macht deutlich, dass die Frage nach dem Woher und dem Wohin nicht allein durch Beobachtungen und Schlussfolgerungen, sondern letztlich durch Glauben beantwortet werden muss. In diesem Buch wird deutlich, dass sehr viele heute vorzufindende Sachverhalte mit dem Sch\u00f6pfungsmodell erkl\u00e4rt werden k\u00f6nnen.<\/p>\n<p><strong>CREATIO<\/strong> schafft somit ein wertvolles Werkzeug, um an Schulen systematische Sch\u00f6pfungslehre zu vermitteln.<\/p>\n","protected":false},"excerpt":{"rendered":"<p><strong>Im Parque Discovery kaufen<\/strong><br \/>\n<a href=\"\/de\/about#contact\">Adresse<\/a><\/p>\n<p><strong>Beim Daniel Verlag kaufen<\/strong><br \/>\n<a href=\"https:\/\/www.<br \/>daniel-verlag.<br \/>de\/produkt\/vom-stein-creatio\/&#8220; target=&#8220;_blank&#8220; rel=&#8220;noopener&#8220;>Deutsch<\/a> <a href=\"https:\/\/www.<br \/>daniel-verlag.<br \/>de\/produkt\/vom-stein-creatio-portugiesisch\/&#8220; target=&#8220;_blank&#8220; rel=&#8220;noopener&#8220;>Portugiesisch<\/a> <a href=\"https:\/\/www.<br \/>daniel-verlag.<br \/>de\/produkt\/vom-stein-creatio-russisch\/&#8220; target=&#8220;_blank&#8220; rel=&#8220;noopener&#8220;>Russisch<\/a> <a href=\"https:\/\/www.<br \/>daniel-verlag.<br \/>de\/produkt\/vom-stein-creatio-franzoesisch\/&#8220; target=&#8220;_blank&#8220; rel=&#8220;noopener&#8220;>Franz\u00f6sisch<\/a> <a href=\"https:\/\/www.<br \/>daniel-verlag.<br \/>de\/produkt\/vom-stein-creatio-spanisch\/&#8220; target=&#8220;_blank&#8220; rel=&#8220;noopener&#8220;>Spanisch<\/a> <a href=\"https:\/\/www.<br \/>daniel-verlag.<br \/>de\/produkt\/vom-stein-creatio-ungarisch\/&#8220; target=&#8220;_blank&#8220; rel=&#8220;noopener&#8220;>Ungarisch<\/a><\/p>\n<p><a href=\"https:\/\/www.<br \/>daniel-verlag.<br \/>de\/produkt\/creatio-buchpaket-20-exemplare\/&#8220; target=&#8220;_blank&#8220; rel=&#8220;noopener&#8220;>Buchpaket, 20 Exemplare<\/a><\/p>\n<p>CREATIO ist das erste deutschsprachige Lehrbuch, in dem das biblische Sch\u00f6pfungsmodell ausf\u00fchrlich vorgestellt wird.<\/p>\n","protected":false},"featured_media":3023,"template":"","meta":{"remove_blocks_before_content":false,"remove_blocks_after_content":false,"disable_reading_progress_bar":false,"inline_featured_image":false},"product_brand":[],"product_cat":[63],"product_tag":[],"class_list":{"0":"post-2954","1":"product","2":"type-product","3":"status-publish","4":"has-post-thumbnail","6":"product_cat-unkategorisiert","8":"first","9":"instock","10":"shipping-taxable","11":"product-type-external","12":"customify-col"},"_links":{"self":[{"href":"https:\/\/parquediscovery.pt\/de\/wp-json\/wp\/v2\/product\/2954","targetHints":{"allow":["GET"]}}],"collection":[{"href":"https:\/\/parquediscovery.pt\/de\/wp-json\/wp\/v2\/product"}],"about":[{"href":"https:\/\/parquediscovery.pt\/de\/wp-json\/wp\/v2\/types\/product"}],"wp:featuredmedia":[{"embeddable":true,"href":"https:\/\/parquediscovery.pt\/de\/wp-json\/wp\/v2\/media\/3023"}],"wp:attachment":[{"href":"https:\/\/parquediscovery.pt\/de\/wp-json\/wp\/v2\/media?parent=2954"}],"wp:term":[{"taxonomy":"product_brand","embeddable":true,"href":"https:\/\/parquediscovery.pt\/de\/wp-json\/wp\/v2\/product_brand?post=2954"},{"taxonomy":"product_cat","embeddable":true,"href":"https:\/\/parquediscovery.pt\/de\/wp-json\/wp\/v2\/product_cat?post=2954"},{"taxonomy":"product_tag","embeddable":true,"href":"https:\/\/parquediscovery.pt\/de\/wp-json\/wp\/v2\/product_tag?post=2954"}],"curies":[{"name":"wp","href":"https:\/\/api.w.org\/{rel}","templated":true}]}}