{"id":3030,"date":"2025-04-24T15:04:34","date_gmt":"2025-04-24T14:04:34","guid":{"rendered":"https:\/\/parquediscovery.pt\/en\/?post_type=product&#038;p=3030"},"modified":"2025-04-27T19:42:53","modified_gmt":"2025-04-27T18:42:53","slug":"darwin","status":"publish","type":"product","link":"https:\/\/parquediscovery.pt\/de\/book\/darwin","title":{"rendered":"Was nun, Mr. Darwin?"},"content":{"rendered":"<p>Am 24. November 1859 erschien im renommierten Londoner Verlag John Murray eine 500 Seiten starke Monografie mit dem komplizierten Titel On the Origin of Species by Means of Natural Selection, or the Preservation of Favoured Races in the Struggle for Life.<\/p>\n<p>Es war das Fanal zum Aufbruch in ein neues Zeitalter. Der Autor, Charles R. Darwin \u00fcberzeugte mit seinen \u00dcberlegungen die Scientific community und st\u00fcrzte das bestehende Weltbild um. Doch er blieb vorsichtig, immer bereit seine Evolutionstheorie durch wissenschaftliche Einw\u00e4nde widerlegen zu lassen:<br \/>\n\u201eWenn gezeigt werden k\u00f6nnte, dass irgendein komplexes Organ existiert, das nicht durch zahlreiche, aufeinander folgende, geringf\u00fcgige Ver\u00e4nderungen gebildet worden sein kann, w\u00fcrde meine Theorie absolut zusammenbrechen.\u201c<br \/>\nDas war vor 150 Jahren. Seitdem ist das Wissen \u00fcber die Natur explodiert. Das ganze Gedankengeb\u00e4ude erscheint in einem v\u00f6llig neuen Licht. Seine Folgen lassen sich allerdings nicht mehr r\u00fcckg\u00e4ngig machen.<\/p>\n<p><b>Was nun, Mr. Darwin?\u00a0<\/b><br \/>\nist eine hochinteressanter, leicht verst\u00e4ndlicher und gut lesbarer Querschnitt rund um Charles Darwin. Es geht um die drei Fragen<br \/>\nI.\u00a0\u00a0\u00a0\u00a0 Wer war er?<br \/>\nII.\u00a0\u00a0 Was lehrte er?<br \/>\nIII.\u00a0 Was bewirkte er?<\/p>\n<p>Alexander vom Stein studierte Biologie und besch\u00e4ftigt sich seit vielen Jahren intensiv mit der wissenschaftlichen und biblischen Sicht auf die Ursprungsfragen.<\/p>\n","protected":false},"excerpt":{"rendered":"<p>Charles Darwin, Leben &#8211; Werk &#8211; Langzeitwirkung<\/p>\n<p><strong>Im Parque Discovery kaufen<\/strong><br \/>\n<a href=\"\/de\/about#contact\">Adresse<\/a><\/p>\n<p><strong>Beim Daniel Verlag kaufen<\/strong><br \/>\n<a href=\"https:\/\/www.<br \/>daniel-verlag.<br \/>de\/produkt\/vom-stein-was-nun-mr-darwin\/&#8220; target=&#8220;_blank&#8220; rel=&#8220;noopener&#8220;>\u00d6ffnen<\/a><\/p>\n","protected":false},"featured_media":3040,"template":"","meta":{"remove_blocks_before_content":false,"remove_blocks_after_content":false,"disable_reading_progress_bar":false,"inline_featured_image":false},"product_brand":[],"product_cat":[63],"product_tag":[],"class_list":{"0":"post-3030","1":"product","2":"type-product","3":"status-publish","4":"has-post-thumbnail","6":"product_cat-unkategorisiert","8":"first","9":"instock","10":"shipping-taxable","11":"product-type-external","12":"customify-col"},"_links":{"self":[{"href":"https:\/\/parquediscovery.pt\/de\/wp-json\/wp\/v2\/product\/3030","targetHints":{"allow":["GET"]}}],"collection":[{"href":"https:\/\/parquediscovery.pt\/de\/wp-json\/wp\/v2\/product"}],"about":[{"href":"https:\/\/parquediscovery.pt\/de\/wp-json\/wp\/v2\/types\/product"}],"wp:featuredmedia":[{"embeddable":true,"href":"https:\/\/parquediscovery.pt\/de\/wp-json\/wp\/v2\/media\/3040"}],"wp:attachment":[{"href":"https:\/\/parquediscovery.pt\/de\/wp-json\/wp\/v2\/media?parent=3030"}],"wp:term":[{"taxonomy":"product_brand","embeddable":true,"href":"https:\/\/parquediscovery.pt\/de\/wp-json\/wp\/v2\/product_brand?post=3030"},{"taxonomy":"product_cat","embeddable":true,"href":"https:\/\/parquediscovery.pt\/de\/wp-json\/wp\/v2\/product_cat?post=3030"},{"taxonomy":"product_tag","embeddable":true,"href":"https:\/\/parquediscovery.pt\/de\/wp-json\/wp\/v2\/product_tag?post=3030"}],"curies":[{"name":"wp","href":"https:\/\/api.w.org\/{rel}","templated":true}]}}