{"id":3058,"date":"2025-04-24T16:00:04","date_gmt":"2025-04-24T15:00:04","guid":{"rendered":"https:\/\/parquediscovery.pt\/de\/?post_type=product&#038;p=3058"},"modified":"2025-04-27T19:43:42","modified_gmt":"2025-04-27T18:43:42","slug":"hiob","status":"publish","type":"product","link":"https:\/\/parquediscovery.pt\/de\/book\/hiob","title":{"rendered":"Hiobs Botschaft"},"content":{"rendered":"<p>Dieser au\u00dfergew\u00f6hnliche Kommentar stellt dem Leser &#8222;Hiobs Botschaft&#8220; vor: Gott regiert als der allm\u00e4chtige, souver\u00e4ne und f\u00fcrsorgliche Sch\u00f6pfer, er verfolgt mit allem einen guten Plan und erreicht ein vollkommenes Ziel.<br \/>\nSpannende Exkurse in die Welt der Wissenschaft vertiefen und best\u00e4tigen die naturkundlichen Aussagen dieses \u00e4ltesten Bibelbuches auf erstaunliche Weise.<\/p>\n","protected":false},"excerpt":{"rendered":"<p>Kommentar &#038; Exkurs-Sammlung<\/p>\n<p><strong>Im Parque Discovery kaufen<\/strong><br \/>\n<a href=\"\/de\/about#contact\">Adresse<\/a><\/p>\n<p><strong>Beim Daniel Verlag kaufen<\/strong><br \/>\n<a href=\"https:\/\/www.<br \/>daniel-verlag.<br \/>de\/produkt\/vom-stein-hiobs-botschaft\/&#8220; target=&#8220;_blank&#8220; rel=&#8220;noopener&#8220;>\u00d6ffnen<\/a><\/p>\n","protected":false},"featured_media":3037,"template":"","meta":{"remove_blocks_before_content":false,"remove_blocks_after_content":false,"disable_reading_progress_bar":false,"inline_featured_image":false},"product_brand":[],"product_cat":[63],"product_tag":[],"class_list":{"0":"post-3058","1":"product","2":"type-product","3":"status-publish","4":"has-post-thumbnail","6":"product_cat-unkategorisiert","8":"first","9":"instock","10":"shipping-taxable","11":"product-type-external","12":"customify-col"},"_links":{"self":[{"href":"https:\/\/parquediscovery.pt\/de\/wp-json\/wp\/v2\/product\/3058","targetHints":{"allow":["GET"]}}],"collection":[{"href":"https:\/\/parquediscovery.pt\/de\/wp-json\/wp\/v2\/product"}],"about":[{"href":"https:\/\/parquediscovery.pt\/de\/wp-json\/wp\/v2\/types\/product"}],"wp:featuredmedia":[{"embeddable":true,"href":"https:\/\/parquediscovery.pt\/de\/wp-json\/wp\/v2\/media\/3037"}],"wp:attachment":[{"href":"https:\/\/parquediscovery.pt\/de\/wp-json\/wp\/v2\/media?parent=3058"}],"wp:term":[{"taxonomy":"product_brand","embeddable":true,"href":"https:\/\/parquediscovery.pt\/de\/wp-json\/wp\/v2\/product_brand?post=3058"},{"taxonomy":"product_cat","embeddable":true,"href":"https:\/\/parquediscovery.pt\/de\/wp-json\/wp\/v2\/product_cat?post=3058"},{"taxonomy":"product_tag","embeddable":true,"href":"https:\/\/parquediscovery.pt\/de\/wp-json\/wp\/v2\/product_tag?post=3058"}],"curies":[{"name":"wp","href":"https:\/\/api.w.org\/{rel}","templated":true}]}}