{"id":3060,"date":"2025-04-24T16:12:46","date_gmt":"2025-04-24T15:12:46","guid":{"rendered":"https:\/\/parquediscovery.pt\/pt\/?post_type=product&#038;p=3060"},"modified":"2025-04-25T12:10:29","modified_gmt":"2025-04-25T11:10:29","slug":"handwerk","status":"publish","type":"product","link":"https:\/\/parquediscovery.pt\/de\/book\/handwerk","title":{"rendered":"Sch\u00f6pfer:Hand:Werk"},"content":{"rendered":"<p>&#8222;Nicht die H\u00e4lfte hat man mir erz\u00e4hlt&#8230;!&#8220;<br \/>\nSch\u00f6pfer:Hand:Werk enth\u00e4lt 21 begeisternde Artikel \u00fcber ph\u00e4nomenale Beobachtungen in der Sch\u00f6pfung \u2013 zum Staunen \u00fcber Komponist und Komposition, zum stillen Bewundern und Entdecken, ge\u00adw\u00fcrzt mit cleveren Anwendungen f\u00fcr das eigene Leben als Christ.<br \/>\nEin hervorragendes Buch zum Selbst-Staunen und Verschenken!<\/p>\n<p>Je tiefer Forschung und Wissenschaft in die Geheimnisse der Sch\u00f6pfung mit ihren faszinierenden und erstaunlichen Lebewesen eindringen, desto wunderbarer und r\u00e4tselhafter erscheint sie. Das Wissen dar\u00fcber w\u00e4chst rasant. Zahlreiche spektakul\u00e4ren Erkenntnisse aus neuester Zeit sind in dieses Buch einge\u00adflossen. Aber Sch\u00f6pfer:Hand:Werk ist nicht nur ein &#8222;Staunbuch&#8220; \u00fcber Naturwunder: Es geht \u00fcber die Bewunderung der Kompositionen hinaus und verweist immer wieder auf den genialen Komponisten.<\/p>\n<p>Alexander vom Stein, 43 Jahre, verheiratet, vier Kinder, Biologe, entfaltet ein brillantes Panorama. In mitrei\u00dfendem Erz\u00e4hlstil entf\u00fchrt er den Leser in die geheimnisvolle Tiefsee, besichtigt bakterielle Megast\u00e4dte, begleitet Zugv\u00f6gel auf ihren Langstreckenfl\u00fcgen oder stellt gemeine Parasiten, gef\u00e4hrliche Giftmischer, treue B\u00fcndnispartner und erbitterte Konkurrenten vor. Begeben Sie sich auf eine atemberaubende Entdeckungsreise durch den Kosmos des Lebens.<\/p>\n","protected":false},"excerpt":{"rendered":"<p>21 beeindruckende Sch\u00f6pfungsandachten<\/p>\n<p><strong>Im Parque Discovery kaufen<\/strong><br \/>\n<a href=\"\/de\/about#contact\">Adresse<\/a><\/p>\n<p><strong>Beim Daniel Verlag kaufen<\/strong><br \/>\n<a href=\"https:\/\/www.<br \/>daniel-verlag.<br \/>de\/produkt\/vom-stein-schoepferhandwerk\/&#8220; target=&#8220;_blank&#8220; rel=&#8220;noopener&#8220;>\u00d6ffnen<\/a><\/p>\n","protected":false},"featured_media":3039,"template":"","meta":{"remove_blocks_before_content":false,"remove_blocks_after_content":false,"disable_reading_progress_bar":false,"inline_featured_image":false},"product_brand":[],"product_cat":[63],"product_tag":[],"class_list":{"0":"post-3060","1":"product","2":"type-product","3":"status-publish","4":"has-post-thumbnail","6":"product_cat-unkategorisiert","8":"first","9":"instock","10":"shipping-taxable","11":"product-type-external","12":"customify-col"},"_links":{"self":[{"href":"https:\/\/parquediscovery.pt\/de\/wp-json\/wp\/v2\/product\/3060","targetHints":{"allow":["GET"]}}],"collection":[{"href":"https:\/\/parquediscovery.pt\/de\/wp-json\/wp\/v2\/product"}],"about":[{"href":"https:\/\/parquediscovery.pt\/de\/wp-json\/wp\/v2\/types\/product"}],"wp:featuredmedia":[{"embeddable":true,"href":"https:\/\/parquediscovery.pt\/de\/wp-json\/wp\/v2\/media\/3039"}],"wp:attachment":[{"href":"https:\/\/parquediscovery.pt\/de\/wp-json\/wp\/v2\/media?parent=3060"}],"wp:term":[{"taxonomy":"product_brand","embeddable":true,"href":"https:\/\/parquediscovery.pt\/de\/wp-json\/wp\/v2\/product_brand?post=3060"},{"taxonomy":"product_cat","embeddable":true,"href":"https:\/\/parquediscovery.pt\/de\/wp-json\/wp\/v2\/product_cat?post=3060"},{"taxonomy":"product_tag","embeddable":true,"href":"https:\/\/parquediscovery.pt\/de\/wp-json\/wp\/v2\/product_tag?post=3060"}],"curies":[{"name":"wp","href":"https:\/\/api.w.org\/{rel}","templated":true}]}}