{"id":3069,"date":"2025-04-25T10:30:50","date_gmt":"2025-04-25T09:30:50","guid":{"rendered":"https:\/\/parquediscovery.pt\/de\/?post_type=product&#038;p=3069"},"modified":"2025-04-25T12:09:44","modified_gmt":"2025-04-25T11:09:44","slug":"federfuehrer","status":"publish","type":"product","link":"https:\/\/parquediscovery.pt\/de\/book\/federfuehrer","title":{"rendered":"feder:f\u00fchrer"},"content":{"rendered":"<p>Welcher Vogel ist drei Jahre lang nonstop in der Luft? Wirft der Adler seine Jungen aus dem Nest, um ihnen das Fliegen beizubringen? Lassen Rabeneltern ihre Kinder verhungern? Warum tragen Geier Glatzen? Welche V\u00f6gel k\u00f6nnen einen Van Gogh von einem Picasso unterscheiden? Warum bringt der Rabe Ungl\u00fcck, die Taube Frieden und der Storch die Kinder? Welches kopflose Federvieh lebte noch 18 Monate weiter? Sind V\u00f6gel tats\u00e4chlich \u201edie letzten Dinosaurier\u201c? \u2013 diese, und viele weitere spannende Fragen werden hier beantwortet.<\/p>\n<p>Dieses Buch ist aber mehr als eine bunte Faktensammlung \u2026<\/p>\n<p>\u00bbSeht euch die V\u00f6gel an!\u00ab, fordert Jesus seine Zuh\u00f6rer auf. Wer sich diese M\u00fche macht, erkennt dabei nicht nur die F\u00fcrsorge und Weisheit Gottes, sondern wird auch staunen, wie treffend biblische Aussagen durch Vergleiche mit gefiederten Gesch\u00f6pfen illustriert werden.<\/p>\n","protected":false},"excerpt":{"rendered":"<div id=\"-product-excerpt-45-33\" class=\"oxy-product-excerpt oxy-woo-element\">\n<div class=\"woocommerce-product-details__short-description\">\n<p>Die V\u00f6gel des Himmels<\/p>\n<\/div>\n<\/div>\n<p><strong>Im Parque Discovery kaufen<\/strong><br \/>\n<a href=\"\/de\/about#contact\">Adresse<\/a><\/p>\n<p><strong>Beim Daniel Verlag kaufen<\/strong><br \/>\n<a href=\"https:\/\/www.<br \/>daniel-verlag.<br \/>de\/produkt\/federfuehrer\/&#8220; target=&#8220;_blank&#8220; rel=&#8220;noopener&#8220;>\u00d6ffnen<\/a><\/p>\n","protected":false},"featured_media":3036,"template":"","meta":{"remove_blocks_before_content":false,"remove_blocks_after_content":false,"disable_reading_progress_bar":false,"inline_featured_image":false},"product_brand":[],"product_cat":[63],"product_tag":[],"class_list":{"0":"post-3069","1":"product","2":"type-product","3":"status-publish","4":"has-post-thumbnail","6":"product_cat-unkategorisiert","8":"first","9":"instock","10":"shipping-taxable","11":"product-type-external","12":"customify-col"},"_links":{"self":[{"href":"https:\/\/parquediscovery.pt\/de\/wp-json\/wp\/v2\/product\/3069","targetHints":{"allow":["GET"]}}],"collection":[{"href":"https:\/\/parquediscovery.pt\/de\/wp-json\/wp\/v2\/product"}],"about":[{"href":"https:\/\/parquediscovery.pt\/de\/wp-json\/wp\/v2\/types\/product"}],"wp:featuredmedia":[{"embeddable":true,"href":"https:\/\/parquediscovery.pt\/de\/wp-json\/wp\/v2\/media\/3036"}],"wp:attachment":[{"href":"https:\/\/parquediscovery.pt\/de\/wp-json\/wp\/v2\/media?parent=3069"}],"wp:term":[{"taxonomy":"product_brand","embeddable":true,"href":"https:\/\/parquediscovery.pt\/de\/wp-json\/wp\/v2\/product_brand?post=3069"},{"taxonomy":"product_cat","embeddable":true,"href":"https:\/\/parquediscovery.pt\/de\/wp-json\/wp\/v2\/product_cat?post=3069"},{"taxonomy":"product_tag","embeddable":true,"href":"https:\/\/parquediscovery.pt\/de\/wp-json\/wp\/v2\/product_tag?post=3069"}],"curies":[{"name":"wp","href":"https:\/\/api.w.org\/{rel}","templated":true}]}}