{"id":3071,"date":"2025-04-25T10:45:29","date_gmt":"2025-04-25T09:45:29","guid":{"rendered":"https:\/\/parquediscovery.pt\/de\/?post_type=product&#038;p=3071"},"modified":"2025-04-25T12:08:55","modified_gmt":"2025-04-25T11:08:55","slug":"landlaeufer","status":"publish","type":"product","link":"https:\/\/parquediscovery.pt\/de\/book\/landlaeufer","title":{"rendered":"land:l\u00e4ufer"},"content":{"rendered":"<p>F\u00fcr welches S\u00e4ugetier bedeutet ein Nickerchen den sicheren Tod? Wer schmort tags\u00fcber in der Sonne und f\u00e4llt nachts in einen \u00bbWinterschlaf\u00ab? Wer ist dauerhaft mit 160 km\/h unterwegs? Wer entscheidet das Duell \u00bbL\u00f6we gegen Tiger\u00ab f\u00fcr sich? Welcher S\u00e4uger kann eine COVID-19-Infektion erschnuppern? L\u00e4sst sich die Fellfarbe von Schafen und Ziegen wirklich durch Holzst\u00e4be im Trinkwasser beeinflussen?<\/p>\n<p>Diese und viele weitere spannende Fragen werden in diesem Buch beantwortet. Es handelt sich dabei um mehr als eine bunte Faktensammlung \u2026<\/p>\n<p>\u00bbFrag die Tiere, sie werden dich lehren \u2026 Sie alle wissen, dass der HERR sie geschaffen hat.\u00ab ruft uns Hiob schon aus dem \u00e4ltesten Buch der Bibel zu. Wer die Tiere forschend \u00bbbefragt\u00ab, erkennt dabei nicht nur die F\u00fcrsorge und Genialit\u00e4t Gottes, sondern wird auch staunen, wie treffend unsere Mitgesch\u00f6pfe biblische Aussagen illustrieren.<\/p>\n","protected":false},"excerpt":{"rendered":"<div id=\"-product-excerpt-45-33\" class=\"oxy-product-excerpt oxy-woo-element\">\n<div class=\"woocommerce-product-details__short-description\">\n<div id=\"-product-excerpt-45-33\" class=\"oxy-product-excerpt oxy-woo-element\">\n<div class=\"woocommerce-product-details__short-description\">\n<p>Die Tiere des Feldes<\/p>\n<\/div>\n<\/div>\n<\/div>\n<\/div>\n<p><strong>Im Parque Discovery kaufen<\/strong><br \/>\n<a href=\"\/de\/about#contact\">Adresse<\/a><\/p>\n<p><strong>Beim Daniel Verlag kaufen<\/strong><br \/>\n<a href=\"https:\/\/www.<br \/>daniel-verlag.<br \/>de\/produkt\/landlaeufer\/&#8220; target=&#8220;_blank&#8220; rel=&#8220;noopener&#8220;>\u00d6ffnen<\/a><\/p>\n","protected":false},"featured_media":3038,"template":"","meta":{"remove_blocks_before_content":false,"remove_blocks_after_content":false,"disable_reading_progress_bar":false,"inline_featured_image":false},"product_brand":[],"product_cat":[63],"product_tag":[],"class_list":{"0":"post-3071","1":"product","2":"type-product","3":"status-publish","4":"has-post-thumbnail","6":"product_cat-unkategorisiert","8":"first","9":"instock","10":"shipping-taxable","11":"product-type-external","12":"customify-col"},"_links":{"self":[{"href":"https:\/\/parquediscovery.pt\/de\/wp-json\/wp\/v2\/product\/3071","targetHints":{"allow":["GET"]}}],"collection":[{"href":"https:\/\/parquediscovery.pt\/de\/wp-json\/wp\/v2\/product"}],"about":[{"href":"https:\/\/parquediscovery.pt\/de\/wp-json\/wp\/v2\/types\/product"}],"wp:featuredmedia":[{"embeddable":true,"href":"https:\/\/parquediscovery.pt\/de\/wp-json\/wp\/v2\/media\/3038"}],"wp:attachment":[{"href":"https:\/\/parquediscovery.pt\/de\/wp-json\/wp\/v2\/media?parent=3071"}],"wp:term":[{"taxonomy":"product_brand","embeddable":true,"href":"https:\/\/parquediscovery.pt\/de\/wp-json\/wp\/v2\/product_brand?post=3071"},{"taxonomy":"product_cat","embeddable":true,"href":"https:\/\/parquediscovery.pt\/de\/wp-json\/wp\/v2\/product_cat?post=3071"},{"taxonomy":"product_tag","embeddable":true,"href":"https:\/\/parquediscovery.pt\/de\/wp-json\/wp\/v2\/product_tag?post=3071"}],"curies":[{"name":"wp","href":"https:\/\/api.w.org\/{rel}","templated":true}]}}