{"id":3073,"date":"2025-04-25T11:02:27","date_gmt":"2025-04-25T10:02:27","guid":{"rendered":"https:\/\/parquediscovery.pt\/de\/?post_type=product&#038;p=3073"},"modified":"2025-04-27T19:40:34","modified_gmt":"2025-04-27T18:40:34","slug":"deus-neste-mundo","status":"publish","type":"product","link":"https:\/\/parquediscovery.pt\/de\/book\/deus-neste-mundo","title":{"rendered":"Wo ist Gott in dieser Welt?"},"content":{"rendered":"<p>Der Autor, emeritierter Professor f\u00fcr Mathematik an der Universit\u00e4t Oxford, kommentiert die aktuelle Coronavirus-Krise. Er stellt sich vor, dass er mit dem Leser in einem Caf\u00e9 sitzt. Der Leser fragt ihn dann, was er \u00fcber die Krise denkt. John Lennox beschreibt seine Gedanken und spricht dabei unweigerlich \u00fcber Gott. Er l\u00e4dt den Leser ein, seinen Glauben zu \u00fcberdenken, auf Gott zu vertrauen und die von Jesus angebotene Rettung anzunehmen. Ein beeindruckendes Buch, das den Horizont all derer erweitern wird, die nach Antworten auf die gro\u00dfen Fragen des Lebens suchen.<\/p>\n","protected":false},"excerpt":{"rendered":"<div id=\"-product-excerpt-45-33\" class=\"oxy-product-excerpt oxy-woo-element\">\n<div class=\"woocommerce-product-details__short-description\">\n<div id=\"-product-excerpt-45-33\" class=\"oxy-product-excerpt oxy-woo-element\">\n<div class=\"woocommerce-product-details__short-description\">\n<p>Und was ist mit Covid-19?<\/p>\n<\/div>\n<\/div>\n<\/div>\n<\/div>\n<p><strong>Im Parque Discovery kaufen<\/strong><br \/>\n<a href=\"\/de\/about#contact\">Adresse<\/a><\/p>\n<p><strong>Beim Daniel Verlag kaufen<\/strong><br \/>\n<a href=\"https:\/\/www.<br \/>daniel-verlag.<br \/>de\/produkt\/wo-ist-gott-in-dieser-welt\/&#8220; target=&#8220;_blank&#8220; rel=&#8220;noopener&#8220;>Deutsch<\/a><\/p>\n","protected":false},"featured_media":3035,"template":"","meta":{"remove_blocks_before_content":false,"remove_blocks_after_content":false,"disable_reading_progress_bar":false,"inline_featured_image":false},"product_brand":[],"product_cat":[63],"product_tag":[],"class_list":{"0":"post-3073","1":"product","2":"type-product","3":"status-publish","4":"has-post-thumbnail","6":"product_cat-unkategorisiert","8":"first","9":"instock","10":"shipping-taxable","11":"product-type-external","12":"customify-col"},"_links":{"self":[{"href":"https:\/\/parquediscovery.pt\/de\/wp-json\/wp\/v2\/product\/3073","targetHints":{"allow":["GET"]}}],"collection":[{"href":"https:\/\/parquediscovery.pt\/de\/wp-json\/wp\/v2\/product"}],"about":[{"href":"https:\/\/parquediscovery.pt\/de\/wp-json\/wp\/v2\/types\/product"}],"wp:featuredmedia":[{"embeddable":true,"href":"https:\/\/parquediscovery.pt\/de\/wp-json\/wp\/v2\/media\/3035"}],"wp:attachment":[{"href":"https:\/\/parquediscovery.pt\/de\/wp-json\/wp\/v2\/media?parent=3073"}],"wp:term":[{"taxonomy":"product_brand","embeddable":true,"href":"https:\/\/parquediscovery.pt\/de\/wp-json\/wp\/v2\/product_brand?post=3073"},{"taxonomy":"product_cat","embeddable":true,"href":"https:\/\/parquediscovery.pt\/de\/wp-json\/wp\/v2\/product_cat?post=3073"},{"taxonomy":"product_tag","embeddable":true,"href":"https:\/\/parquediscovery.pt\/de\/wp-json\/wp\/v2\/product_tag?post=3073"}],"curies":[{"name":"wp","href":"https:\/\/api.w.org\/{rel}","templated":true}]}}