{"id":3075,"date":"2025-04-25T11:23:31","date_gmt":"2025-04-25T10:23:31","guid":{"rendered":"https:\/\/parquediscovery.pt\/de\/?post_type=product&#038;p=3075"},"modified":"2025-04-27T19:41:39","modified_gmt":"2025-04-27T18:41:39","slug":"informacao","status":"publish","type":"product","link":"https:\/\/parquediscovery.pt\/de\/book\/informacao","title":{"rendered":"Information &#8211; Der Schl\u00fcssel zum Leben"},"content":{"rendered":"<p>Gegen die Lehraussagen von Atheismus, Materialismus, Evolution und Urknall sind schon viele plausible Einw\u00e4nde erhoben worden. Dieses Buch geht einen neuen Weg, indem die vier Pfeiler einer atheistischen Weltanschauung mithilfe von Naturgesetzen widerlegt werden.<\/p>\n<p>Wenn es gelingt, Naturgesetze zu finden, die den obigen Ideen widersprechen, dann haben wir diese mit der gleichen Wirksamkeit zu Fall gebracht, wie Naturgesetze ein Perpetuum mobile \u2013 also eine Maschine, die st\u00e4ndig ohne Energiezufuhr l\u00e4uft \u2013 f\u00fcr unm\u00f6glich erkl\u00e4ren. Genau das ist das Anliegen dieses Buches.<\/p>\n<p>Die Merkmale in allen Lebewesen sind informationsbasiert, und die Lebensabl\u00e4ufe sind informationsgesteuert. Wollen wir etwas aussagen \u00fcber die Herkunft des Lebens oder das Wesen des Lebendigen, dann m\u00fcssen wir zuerst kl\u00e4ren, was Information ist, wie sie entsteht und welche Gesetzm\u00e4\u00dfigkeiten f\u00fcr sie gelten. Abweichend von der weithin \u00fcblichen materialistischen Betrachtungsweise dieser Welt unterscheidet der Autor zwischen materiellen und nicht-materiellen Gr\u00f6\u00dfen.<\/p>\n<p>Erstmals wird nachgewiesen, dass Information eine nicht-materielle Gr\u00f6\u00dfe ist, die darum auch nicht von einer materiellen Quelle stammen kann. Im Zentrum der hier ausf\u00fchrlich dargelegten \u00bbTheorie der Universellen Information\u00ab stehen einige \u00bbNaturgesetze der Universellen Information\u00ab. Ihre konsequente Anwendung f\u00fchrt zu weitreichenden Schlussfolgerungen, was den Ursprung allen Lebens betrifft.<\/p>\n","protected":false},"excerpt":{"rendered":"<div id=\"-product-excerpt-45-33\" class=\"oxy-product-excerpt oxy-woo-element\">\n<div class=\"woocommerce-product-details__short-description\">\n<div id=\"-product-excerpt-45-33\" class=\"oxy-product-excerpt oxy-woo-element\">\n<div class=\"woocommerce-product-details__short-description\">\n<div id=\"-product-excerpt-45-33\" class=\"oxy-product-excerpt oxy-woo-element\">\n<div class=\"woocommerce-product-details__short-description\">\n<p>Naturgesetze und die Herkunft des Lebens \/ Schlussfolgerungen, die die Existenz Gottes beweisen und Materialismus und Evolution widerlegen<\/p>\n<\/div>\n<\/div>\n<\/div>\n<\/div>\n<\/div>\n<\/div>\n<p><strong>Im Parque Discovery kaufen<\/strong><br \/>\n<a href=\"\/de\/about#contact\">Adresse<\/a><\/p>\n<p><strong>Beim Daniel Verlag kaufen<\/strong><br \/>\n<a href=\"https:\/\/www.<br \/>daniel-verlag.<br \/>de\/produkt\/gitt-information-der-schluessel-zum-leben\/&#8220; target=&#8220;_blank&#8220; rel=&#8220;noopener&#8220;>Deutsch<\/a><\/p>\n","protected":false},"featured_media":3034,"template":"","meta":{"remove_blocks_before_content":false,"remove_blocks_after_content":false,"disable_reading_progress_bar":false,"inline_featured_image":false},"product_brand":[],"product_cat":[63],"product_tag":[],"class_list":{"0":"post-3075","1":"product","2":"type-product","3":"status-publish","4":"has-post-thumbnail","6":"product_cat-unkategorisiert","8":"first","9":"instock","10":"shipping-taxable","11":"product-type-external","12":"customify-col"},"_links":{"self":[{"href":"https:\/\/parquediscovery.pt\/de\/wp-json\/wp\/v2\/product\/3075","targetHints":{"allow":["GET"]}}],"collection":[{"href":"https:\/\/parquediscovery.pt\/de\/wp-json\/wp\/v2\/product"}],"about":[{"href":"https:\/\/parquediscovery.pt\/de\/wp-json\/wp\/v2\/types\/product"}],"wp:featuredmedia":[{"embeddable":true,"href":"https:\/\/parquediscovery.pt\/de\/wp-json\/wp\/v2\/media\/3034"}],"wp:attachment":[{"href":"https:\/\/parquediscovery.pt\/de\/wp-json\/wp\/v2\/media?parent=3075"}],"wp:term":[{"taxonomy":"product_brand","embeddable":true,"href":"https:\/\/parquediscovery.pt\/de\/wp-json\/wp\/v2\/product_brand?post=3075"},{"taxonomy":"product_cat","embeddable":true,"href":"https:\/\/parquediscovery.pt\/de\/wp-json\/wp\/v2\/product_cat?post=3075"},{"taxonomy":"product_tag","embeddable":true,"href":"https:\/\/parquediscovery.pt\/de\/wp-json\/wp\/v2\/product_tag?post=3075"}],"curies":[{"name":"wp","href":"https:\/\/api.w.org\/{rel}","templated":true}]}}