{"id":3,"date":"2025-04-03T14:53:20","date_gmt":"2025-04-03T12:53:20","guid":{"rendered":"https:\/\/parquediscovery.pt\/?page_id=3"},"modified":"2025-04-27T19:52:58","modified_gmt":"2025-04-27T18:52:58","slug":"protection","status":"publish","type":"page","link":"https:\/\/parquediscovery.pt\/pt\/protection","title":{"rendered":"Prote\u00e7\u00e3o de dados"},"content":{"rendered":"\n<p class=\"has-text-align-center\">A prote\u00e7\u00e3o dos seus dados \u00e9 importante para n\u00f3s &#8211; afinal de contas, \u00e9 tudo uma quest\u00e3o de confian\u00e7a.<br><a href=\"https:\/\/parquediscovery.pt\/pt\" data-type=\"link\" data-id=\"https:\/\/parquediscovery.pt\/pt\">parquediscovery.pt\/pt<\/a><\/p>\n\n\n\n<h3 class=\"wp-block-heading has-text-align-center\" id=\"o-que-acontece-quando-nos-escreve-ou-faz-uma-reserva\">O que acontece quando nos escreve ou faz uma reserva?<\/h3>\n\n\n\n<p class=\"has-text-align-center\">Se nos contactar atrav\u00e9s do nosso formul\u00e1rio de reserva, guardaremos as informa\u00e7\u00f5es que nos fornecer (por exemplo, nome, e-mail e data preferida). Necessitamos destas informa\u00e7\u00f5es para processar o seu pedido de informa\u00e7\u00e3o &#8211; e apenas para este fim. Os seus dados permanecer\u00e3o connosco e n\u00e3o ser\u00e3o transmitidos.<\/p>\n\n\n\n<h3 class=\"wp-block-heading has-text-align-center\" id=\"o-que-e-que-a-pagina-web-guarda-automaticamente\">O que \u00e9 que a P\u00e1gina Web guarda automaticamente?<\/h3>\n\n\n\n<p class=\"has-text-align-center\">Tal como acontece com quase todas as p\u00e1ginas Web, s\u00e3o recolhidas algumas informa\u00e7\u00f5es t\u00e9cnicas quando o utilizador visita a p\u00e1gina &#8211; como o seu endere\u00e7o IP, a data e a hora ou o browser que est\u00e1 a utilizar. Estes dados ajudam-nos a melhorar a p\u00e1gina e a mant\u00ea-la a funcionar tecnicamente. N\u00e3o tiramos quaisquer conclus\u00f5es sobre a sua pessoa a partir destes dados.<\/p>\n\n\n\n<h3 class=\"wp-block-heading has-text-align-center\" id=\"cookies-apenas-o-essencial\">Cookies &#8211; apenas o essencial<\/h3>\n\n\n\n<p class=\"has-text-align-center\">A nossa p\u00e1gina Web utiliza apenas os cookies necess\u00e1rios, ou seja, pequenos ficheiros que s\u00e3o importantes para o funcionamento b\u00e1sico da p\u00e1gina Web. Sem publicidade, sem rastreio &#8211; prometemos.<\/p>\n\n\n\n<h3 class=\"wp-block-heading has-text-align-center\" id=\"os-seus-direitos\">Os seus direitos<\/h3>\n\n\n\n<p class=\"has-text-align-center\">Gostaria de saber quais os dados que temos guardados sobre si ou gostaria que fossem apagados? N\u00e3o h\u00e1 problema! Basta escrever-nos para: <a href=\"mailto:team@parquediscovery.pt\">team@parquediscovery.pt<\/a><\/p>\n","protected":false},"excerpt":{"rendered":"<p>A prote\u00e7\u00e3o dos seus dados \u00e9 importante para n\u00f3s &#8211; afinal de contas, \u00e9 tudo uma quest\u00e3o de confian\u00e7a.<br \/>parquediscovery.<br \/>pt\/pt O que acontece quando nos escreve[\u2026]<\/p>\n","protected":false},"author":1,"featured_media":1945,"parent":0,"menu_order":0,"comment_status":"closed","ping_status":"closed","template":"","meta":{"remove_blocks_before_content":false,"remove_blocks_after_content":false,"disable_reading_progress_bar":false,"inline_featured_image":false,"footnotes":""},"class_list":["post-3","page","type-page","status-publish","has-post-thumbnail","hentry"],"_links":{"self":[{"href":"https:\/\/parquediscovery.pt\/pt\/wp-json\/wp\/v2\/pages\/3","targetHints":{"allow":["GET"]}}],"collection":[{"href":"https:\/\/parquediscovery.pt\/pt\/wp-json\/wp\/v2\/pages"}],"about":[{"href":"https:\/\/parquediscovery.pt\/pt\/wp-json\/wp\/v2\/types\/page"}],"author":[{"embeddable":true,"href":"https:\/\/parquediscovery.pt\/pt\/wp-json\/wp\/v2\/users\/1"}],"replies":[{"embeddable":true,"href":"https:\/\/parquediscovery.pt\/pt\/wp-json\/wp\/v2\/comments?post=3"}],"version-history":[{"count":11,"href":"https:\/\/parquediscovery.pt\/pt\/wp-json\/wp\/v2\/pages\/3\/revisions"}],"predecessor-version":[{"id":3295,"href":"https:\/\/parquediscovery.pt\/pt\/wp-json\/wp\/v2\/pages\/3\/revisions\/3295"}],"wp:featuredmedia":[{"embeddable":true,"href":"https:\/\/parquediscovery.pt\/pt\/wp-json\/wp\/v2\/media\/1945"}],"wp:attachment":[{"href":"https:\/\/parquediscovery.pt\/pt\/wp-json\/wp\/v2\/media?parent=3"}],"curies":[{"name":"wp","href":"https:\/\/api.w.org\/{rel}","templated":true}]}}