{"id":450,"date":"2025-04-07T10:14:50","date_gmt":"2025-04-07T09:14:50","guid":{"rendered":"https:\/\/parquediscovery.pt\/en\/?page_id=450"},"modified":"2026-02-28T08:31:27","modified_gmt":"2026-02-28T08:31:27","slug":"about","status":"publish","type":"page","link":"https:\/\/parquediscovery.pt\/pt\/about","title":{"rendered":"Sobre n\u00f3s"},"content":{"rendered":"\n<p class=\"has-text-align-left\">Ol\u00e1, n\u00f3s somos a fam\u00edlia vom Stein: Alexander &#038; Christiane, juntamente com a Anna, o Jonathan, o Daniel e a Romely. Somos originalmente da Alemanha e mud\u00e1mo-nos para Portugal em 2019. A nossa principal preocupa\u00e7\u00e3o \u00e9 falar a outros acerca de Jesus, a quem n\u00f3s conhecemos n\u00e3o s\u00f3 como nosso Senhor e Salvador, mas tamb\u00e9m como Criador. A B\u00edblia, a Palavra de Deus, tem sido a nossa companheira constante at\u00e9 hoje e, mesmo depois de estudarmos esta incompar\u00e1vel livraria durante tanto tempo, continuamos a surpreender-nos com as descobertas que nos oferece.<\/p>\n\n\n\n<div class=\"alignnormal\"><div id=\"metaslider-id-1678\" style=\"width: 100%;\" class=\"ml-slider-3-108-0 metaslider metaslider-flex metaslider-1678 ml-slider has-dots-nav ms-theme-bubble\" role=\"region\" aria-label=\"Family\" data-height=\"600\" data-width=\"1200\">\n    <div id=\"metaslider_container_1678\">\n        <div id=\"metaslider_1678\">\n            <ul class='slides'>\n                <li style=\"display: block; width: 100%;\" class=\"slide-1679 ms-image \" aria-roledescription=\"slide\" data-date=\"2025-04-18 15:19:06\" data-filename=\"Vom_Stein_2021-109-1200x600.jpg\" data-slide-type=\"image\"><img loading=\"lazy\" decoding=\"async\" src=\"https:\/\/parquediscovery.pt\/wp-content\/uploads\/Vom_Stein_2021-109-1200x600.jpg\" height=\"600\" width=\"1200\" alt=\"\" class=\"slider-1678 slide-1679 msDefaultImage\" title=\"SONY DSC\" \/><\/li>\n                <li style=\"display: none; width: 100%;\" class=\"slide-1680 ms-image \" aria-roledescription=\"slide\" data-date=\"2025-04-18 15:19:26\" data-filename=\"Vom_Stein_2021-41-1200x600.jpg\" data-slide-type=\"image\"><img loading=\"lazy\" decoding=\"async\" src=\"https:\/\/parquediscovery.pt\/wp-content\/uploads\/Vom_Stein_2021-41-1200x600.jpg\" height=\"600\" width=\"1200\" alt=\"\" class=\"slider-1678 slide-1680 msDefaultImage\" title=\"SONY DSC\" \/><\/li>\n                <li style=\"display: none; width: 100%;\" class=\"slide-1681 ms-image \" aria-roledescription=\"slide\" data-date=\"2025-04-18 15:19:38\" data-filename=\"Vom_Stein_2021-94-1200x600.jpg\" data-slide-type=\"image\"><img loading=\"lazy\" decoding=\"async\" src=\"https:\/\/parquediscovery.pt\/wp-content\/uploads\/Vom_Stein_2021-94-1200x600.jpg\" height=\"600\" width=\"1200\" alt=\"\" class=\"slider-1678 slide-1681 msDefaultImage\" title=\"SONY DSC\" \/><\/li>\n            <\/ul>\n        <\/div>\n        \n    <\/div>\n<\/div><\/div>\n\n\n\n<p>Deus revelou-Se a Si mesmo em Jesus Cristo e quer conduzir-nos a toda a verdade, atrav\u00e9s da Sua Palavra e do Seu Esp\u00edrito. A hist\u00f3ria mundial tamb\u00e9m revela a Sua a\u00e7\u00e3o, e toda a cria\u00e7\u00e3o aponta para ELE. A ci\u00eancia \u00e9 uma grande ferramenta para descobrir esta beleza e grandeza deslumbrantes, desde a mais pequena part\u00edcula qu\u00e2ntica at\u00e9 \u00e0 maior gal\u00e1xia do cosmos. Utiliz\u00e1mos a geologia, a paleontologia, a arqueologia, a astronomia e outros campos da ci\u00eancia no nosso museu, para apresentar algo neste contexto; no entanto, o nosso instrumento preferido \u00e9 a biologia, onde se podem encontrar, literalmente, centenas de provas que fundamentam a verdade da B\u00edblia.<\/p>\n\n\n\n<p class=\"has-text-align-left\">Porque gostamos de partilhar estas descobertas t\u00e3o emocionantes, alegra-nos poder mostrar um pouco da hist\u00f3ria colorida da B\u00edblia e da cria\u00e7\u00e3o no Parque Discovery. Venha descobrir a verdade no Parque dos Descobrimentos! Aqui pode informar-se sobre as diferentes atividades que pode escolher.<\/p>\n\n\n\n<div class=\"wp-block-buttons is-content-justification-center is-layout-flex wp-container-core-buttons-is-layout-a89b3969 wp-block-buttons-is-layout-flex\">\n<div class=\"wp-block-button\"><a class=\"wp-block-button__link has-white-color has-primary-background-color has-text-color has-background has-link-color has-small-font-size has-custom-font-size wp-element-button\" href=\"https:\/\/parquediscovery.pt\/wp-content\/uploads\/articles_pt.pdf\" target=\"_blank\" rel=\"noreferrer noopener\">Estatutos da associa\u00e7\u00e3o<\/a><\/div>\n<\/div>\n\n\n\n<div style=\"height:50px\" aria-hidden=\"true\" class=\"wp-block-spacer\"><\/div>\n\n\n\n\n\n<div style=\"height:20px\" aria-hidden=\"true\" class=\"wp-block-spacer\"><\/div>\n\n\n\n<p class=\"has-text-align-center\">Vindo de Lisboa, siga a A 8 ate \u00e0 sa\u00edda Mafra\/Malveira, que o levar\u00e1 para a A 21. Siga a A 21 at\u00e9 chegar \u00e0 sa\u00edda \u201eMafra Oeste\u201c (logo ap\u00f3s da sa\u00edda \u201eMafra Este\u201c). A partir daqui siga as placas informativas em direc\u00e7\u00e3o a Torres Vedras.<br>Na 3\u00aa rotunda vire \u00e0 direita em direc\u00e7\u00e3o a Barreiralva. Ap\u00f3s 500 metros vai encontrar uma placa a direita a dizer \u201eParque Discovery 1,5 km\u201c. Torne a virar \u00e0 direita (Rua do Caracol) seguindo sempre as indica\u00e7\u00f5es do \u201eParque Discovery\u201c, ap\u00f3s 100 m volta outra vez \u00e0 direita em direc\u00e7\u00e3o \u00e0 Rua Casal do Mato. Siga 1,5 km por esta rua\u2026 <strong>e acabou de chegar!<\/strong><br>Se estiver perdido, por favor entre em contacto connosco, teremos muito gosto em ajud\u00e1-lo!<\/p>\n\n\n\n<div class=\"wp-block-columns is-layout-flex wp-container-core-columns-is-layout-28f84493 wp-block-columns-is-layout-flex\" id=\"imprint\">\n<div class=\"wp-block-column is-layout-flow wp-block-column-is-layout-flow\" style=\"flex-basis:100%\">\n<div style=\"height:30px\" aria-hidden=\"true\" class=\"wp-block-spacer\"><\/div>\n\n\n\n<h2 class=\"wp-block-heading has-text-align-center\" id=\"imprimir\" id=\"imprimir\" id=\"imprimir\">Imprimir<\/h2>\n\n\n\n<p class=\"has-text-align-center\"><strong>Associa\u00e7\u00e3o em Portugal<\/strong><br>Associa\u00e7\u00e3o Parque Discovery<br>NIF 515937452<\/p>\n<\/div>\n<\/div>\n\n\n\n<div class=\"wp-block-columns is-layout-flex wp-container-core-columns-is-layout-28f84493 wp-block-columns-is-layout-flex\" id=\"contact\">\n<div class=\"wp-block-column is-layout-flow wp-block-column-is-layout-flow\" style=\"flex-basis:100%\">\n<div style=\"height:30px\" aria-hidden=\"true\" class=\"wp-block-spacer\"><\/div>\n\n\n\n<h2 class=\"wp-block-heading has-text-align-center\" id=\"contactos\" id=\"contactos\" id=\"contactos\">Contactos<\/h2>\n\n\n\n<p class=\"has-text-align-center\"><a href=\"https:\/\/maps.app.goo.gl\/umWcDZc1sYXjX2eAA\" target=\"_blank\" rel=\"noreferrer noopener\">Parque Discovery &#8211; Quinta O\u00e1sis<br>Rua Casal do Mato, Barreiralva<br>2640-416 Mafra<\/a><\/p>\n\n\n\n<p class=\"has-text-align-center\"><a href=\"mailto:team@parquediscovery.pt\" data-type=\"mailto\" data-id=\"mailto:team@parquediscovery.pt\">team@parquediscovery.pt<\/a><br><a href=\"tel:+351920471763\">+351 920 471 763<\/a><\/p>\n<\/div>\n<\/div>\n\n\n\n<div class=\"forminator-guttenberg\"><div class=\"forminator-ui forminator-custom-form forminator-custom-form-1552 forminator-design--flat  forminator_ajax\" data-forminator-render=\"0\" data-form=\"forminator-module-1552\" data-uid=\"69f4563a230fe\"><br\/><\/div><form\n\t\t\t\tid=\"forminator-module-1552\"\n\t\t\t\tclass=\"forminator-ui forminator-custom-form forminator-custom-form-1552 forminator-design--flat  forminator_ajax\"\n\t\t\t\tmethod=\"post\"\n\t\t\t\tdata-forminator-render=\"0\"\n\t\t\t\tdata-form-id=\"1552\"\n\t\t\t\t data-color-option=\"theme\" data-design=\"flat\" data-grid=\"open\" style=\"display: none;\"\n\t\t\t\tdata-uid=\"69f4563a230fe\"\n\t\t\t><div role=\"alert\" aria-live=\"polite\" class=\"forminator-response-message forminator-error\" aria-hidden=\"true\"><\/div><div class=\"forminator-row\"><div id=\"group-3\" class=\"forminator-field-group forminator-col forminator-col-12 \"><div class=\"forminator-all-group-copies\"><div class=\"forminator-grouped-fields\" data-options=\"{&quot;is_repeater&quot;:false,&quot;min_type&quot;:&quot;custom&quot;,&quot;max_type&quot;:&quot;custom&quot;,&quot;min&quot;:1,&quot;max&quot;:90,&quot;add_text&quot;:&quot;Element hinzuf\\u00fcgen&quot;,&quot;remove_text&quot;:&quot;Remove item&quot;,&quot;action_element_type&quot;:&quot;icon&quot;}\"><div class=\"forminator-row\"><div id=\"name-1\" class=\"forminator-field-name forminator-col forminator-col-6 \"><div class=\"forminator-field\"><label for=\"forminator-field-name-1_69f4563a230fe\" id=\"forminator-field-name-1_69f4563a230fe-label\" class=\"forminator-label\">Primeiro nome <span class=\"forminator-required\">*<\/span><\/label><input type=\"text\" name=\"name-1\" value=\"\" placeholder=\"\" id=\"forminator-field-name-1_69f4563a230fe\" class=\"forminator-input forminator-name--field\" aria-required=\"true\" autocomplete=\"name\" \/><\/div><\/div><div id=\"name-2\" class=\"forminator-field-name forminator-col forminator-col-6 \"><div class=\"forminator-field\"><label for=\"forminator-field-name-2_69f4563a230fe\" id=\"forminator-field-name-2_69f4563a230fe-label\" class=\"forminator-label\">Sobrenome <span class=\"forminator-required\">*<\/span><\/label><input type=\"text\" name=\"name-2\" value=\"\" placeholder=\"\" id=\"forminator-field-name-2_69f4563a230fe\" class=\"forminator-input forminator-name--field\" aria-required=\"true\" autocomplete=\"name\" \/><\/div><\/div><\/div><div class=\"forminator-row\"><div id=\"phone-1\" class=\"forminator-field-phone forminator-col forminator-col-6 \"><div class=\"forminator-field\"><label for=\"forminator-field-phone-1_69f4563a230fe\" id=\"forminator-field-phone-1_69f4563a230fe-label\" class=\"forminator-label\">Telefone<\/label><input type=\"text\" name=\"phone-1\" value=\"\" placeholder=\"por exemplo 123 4567 89\" id=\"forminator-field-phone-1_69f4563a230fe\" class=\"forminator-input forminator-field--phone\" data-required=\"\" aria-required=\"false\" autocomplete=\"off\" data-national_mode=\"disabled\" data-country=\"pt\" data-validation=\"international\" \/><\/div><\/div><div id=\"email-1\" class=\"forminator-field-email forminator-col forminator-col-6 \"><div class=\"forminator-field\"><label for=\"forminator-field-email-1_69f4563a230fe\" id=\"forminator-field-email-1_69f4563a230fe-label\" class=\"forminator-label\">Email <span class=\"forminator-required\">*<\/span><\/label><input type=\"email\" name=\"email-1\" value=\"\" placeholder=\"por exemplo team@parquediscovery.pt\" id=\"forminator-field-email-1_69f4563a230fe\" class=\"forminator-input forminator-email--field\" data-required=\"1\" aria-required=\"true\" autocomplete=\"email\" \/><\/div><\/div><\/div><div class=\"forminator-row\"><div id=\"text-1\" class=\"forminator-field-text forminator-col forminator-col-12 \"><div class=\"forminator-field\"><label for=\"forminator-field-text-1_69f4563a230fe\" id=\"forminator-field-text-1_69f4563a230fe-label\" class=\"forminator-label\">Assunto <span class=\"forminator-required\">*<\/span><\/label><input type=\"text\" name=\"text-1\" value=\"\" placeholder=\"\" id=\"forminator-field-text-1_69f4563a230fe\" class=\"forminator-input forminator-name--field\" data-required=\"1\" \/><\/div><\/div><\/div><div class=\"forminator-row\"><div id=\"textarea-1\" class=\"forminator-field-textarea forminator-col forminator-col-12 \"><div class=\"forminator-field\"><label for=\"forminator-field-textarea-1_69f4563a230fe\" id=\"forminator-field-textarea-1_69f4563a230fe-label\" class=\"forminator-label\">Mensagem <span class=\"forminator-required\">*<\/span><\/label><textarea name=\"textarea-1\" placeholder=\"\" id=\"forminator-field-textarea-1_69f4563a230fe\" class=\"forminator-textarea\" rows=\"6\" style=\"--forminator-textarea-min-height:140px;\" ><\/textarea><\/div><\/div><\/div><\/div><\/div><\/div><\/div><input type=\"hidden\" name=\"referer_url\" value=\"\" \/><div class=\"forminator-row forminator-row-last\"><div class=\"forminator-col\"><div class=\"forminator-field\"><button class=\"forminator-button forminator-button-submit\">Enviar<\/button><\/div><\/div><\/div><input type=\"hidden\" id=\"forminator_nonce\" name=\"forminator_nonce\" value=\"b6298eb1a6\" \/><input type=\"hidden\" name=\"_wp_http_referer\" value=\"\/pt\/wp-json\/wp\/v2\/pages\/450\" \/><input type=\"hidden\" name=\"form_id\" value=\"1552\"><input type=\"hidden\" name=\"page_id\" value=\"450\"><input type=\"hidden\" name=\"form_type\" value=\"default\"><input type=\"hidden\" name=\"current_url\" value=\"https:\/\/parquediscovery.pt\/pt\/about\"><input type=\"hidden\" name=\"render_id\" value=\"0\"><input type=\"hidden\" name=\"action\" value=\"forminator_submit_form_custom-forms\"><label for=\"input_8\" class=\"forminator-hidden\" aria-hidden=\"true\">Please do not fill in this field. <input id=\"input_8\" type=\"text\" name=\"input_8\" value=\"\" autocomplete=\"off\"><\/label><\/form><\/div>\n\n\n\n<figure data-wp-context=\"{&quot;imageId&quot;:&quot;69f4563a2c520&quot;}\" data-wp-interactive=\"core\/image\" data-wp-key=\"69f4563a2c520\" class=\"wp-block-image size-large is-resized wp-lightbox-container\"><img loading=\"lazy\" decoding=\"async\" width=\"1024\" height=\"628\" data-wp-class--hide=\"state.isContentHidden\" data-wp-class--show=\"state.isContentVisible\" data-wp-init=\"callbacks.setButtonStyles\" data-wp-on--click=\"actions.showLightbox\" data-wp-on--load=\"callbacks.setButtonStyles\" data-wp-on-window--resize=\"callbacks.setButtonStyles\" src=\"https:\/\/parquediscovery.pt\/wp-content\/uploads\/Parque-Discovery-Map-1024x628.png\" alt=\"\" class=\"wp-image-3796\" style=\"width:500px\" srcset=\"https:\/\/parquediscovery.pt\/wp-content\/uploads\/Parque-Discovery-Map-1024x628.png 1024w, https:\/\/parquediscovery.pt\/wp-content\/uploads\/Parque-Discovery-Map-300x184.png 300w, https:\/\/parquediscovery.pt\/wp-content\/uploads\/Parque-Discovery-Map-768x471.png 768w, https:\/\/parquediscovery.pt\/wp-content\/uploads\/Parque-Discovery-Map.png 2000w\" sizes=\"auto, (max-width: 1024px) 100vw, 1024px\" \/><button\n\t\t\tclass=\"lightbox-trigger\"\n\t\t\ttype=\"button\"\n\t\t\taria-haspopup=\"dialog\"\n\t\t\taria-label=\"Ampliar\"\n\t\t\tdata-wp-init=\"callbacks.initTriggerButton\"\n\t\t\tdata-wp-on--click=\"actions.showLightbox\"\n\t\t\tdata-wp-style--right=\"state.imageButtonRight\"\n\t\t\tdata-wp-style--top=\"state.imageButtonTop\"\n\t\t>\n\t\t\t<svg xmlns=\"http:\/\/www.w3.org\/2000\/svg\" width=\"12\" height=\"12\" fill=\"none\" viewBox=\"0 0 12 12\">\n\t\t\t\t<path fill=\"#fff\" d=\"M2 0a2 2 0 0 0-2 2v2h1.5V2a.5.5 0 0 1 .5-.5h2V0H2Zm2 10.5H2a.5.5 0 0 1-.5-.5V8H0v2a2 2 0 0 0 2 2h2v-1.5ZM8 12v-1.5h2a.5.5 0 0 0 .5-.5V8H12v2a2 2 0 0 1-2 2H8Zm2-12a2 2 0 0 1 2 2v2h-1.5V2a.5.5 0 0 0-.5-.5H8V0h2Z\" \/>\n\t\t\t<\/svg>\n\t\t<\/button><\/figure>\n\n\n\n<p class=\"has-text-align-center\"><\/p>\n","protected":false},"excerpt":{"rendered":"<p>Ol\u00e1, n\u00f3s somos a fam\u00edlia vom Stein: Alexander &#038; Christiane, juntamente com a Anna, o Jonathan, o Daniel e a Romely.<br \/> Somos originalmente da Alemanha[\u2026]<\/p>\n","protected":false},"author":1,"featured_media":1668,"parent":0,"menu_order":0,"comment_status":"closed","ping_status":"closed","template":"","meta":{"remove_blocks_before_content":false,"remove_blocks_after_content":false,"disable_reading_progress_bar":false,"inline_featured_image":false,"footnotes":""},"class_list":["post-450","page","type-page","status-publish","has-post-thumbnail","hentry"],"_links":{"self":[{"href":"https:\/\/parquediscovery.pt\/pt\/wp-json\/wp\/v2\/pages\/450","targetHints":{"allow":["GET"]}}],"collection":[{"href":"https:\/\/parquediscovery.pt\/pt\/wp-json\/wp\/v2\/pages"}],"about":[{"href":"https:\/\/parquediscovery.pt\/pt\/wp-json\/wp\/v2\/types\/page"}],"author":[{"embeddable":true,"href":"https:\/\/parquediscovery.pt\/pt\/wp-json\/wp\/v2\/users\/1"}],"replies":[{"embeddable":true,"href":"https:\/\/parquediscovery.pt\/pt\/wp-json\/wp\/v2\/comments?post=450"}],"version-history":[{"count":69,"href":"https:\/\/parquediscovery.pt\/pt\/wp-json\/wp\/v2\/pages\/450\/revisions"}],"predecessor-version":[{"id":5318,"href":"https:\/\/parquediscovery.pt\/pt\/wp-json\/wp\/v2\/pages\/450\/revisions\/5318"}],"wp:featuredmedia":[{"embeddable":true,"href":"https:\/\/parquediscovery.pt\/pt\/wp-json\/wp\/v2\/media\/1668"}],"wp:attachment":[{"href":"https:\/\/parquediscovery.pt\/pt\/wp-json\/wp\/v2\/media?parent=450"}],"curies":[{"name":"wp","href":"https:\/\/api.w.org\/{rel}","templated":true}]}}