{"id":531,"date":"2025-04-07T11:54:09","date_gmt":"2025-04-07T10:54:09","guid":{"rendered":"https:\/\/parquediscovery.pt\/en\/?page_id=531"},"modified":"2026-01-20T12:38:54","modified_gmt":"2026-01-20T12:38:54","slug":"rules","status":"publish","type":"page","link":"https:\/\/parquediscovery.pt\/pt\/rules","title":{"rendered":"Regras do parque"},"content":{"rendered":"\n<p class=\"has-text-align-center has-primary-color has-text-color has-link-color has-medium-font-size wp-elements-f0e29123f7b15d4d6172d1ca1d93d3f7\">Ajude a preservar o Parque Discovery como um local de alegria e descoberta \u2013 para si, para os outros, para a pr\u00f3xima gera\u00e7\u00e3o.<\/p>\n\n\n\n<div class=\"wp-block-columns is-layout-flex wp-container-core-columns-is-layout-28f84493 wp-block-columns-is-layout-flex\" id=\"rules\">\n<div class=\"wp-block-column is-layout-flow wp-block-column-is-layout-flow\" style=\"flex-basis:100%\">\n<p class=\"rule\">A sua reserva ficar\u00e1 confirmada com a <strong>entrada inicial de uma cau\u00e7\u00e3o<\/strong>.<\/p>\n\n\n\n<p class=\"rule-desc has-small-font-size\">\u2713 Para visitas di\u00e1rias, \u00e9 necess\u00e1rio realizar um pr\u00e9-pagamento de 50\u20ac.<br>\u2713 Para acampamentos a cau\u00e7\u00e3o ser\u00e1 calculada a partir do n\u00famero de pessoas que constituem o grupo \u2013 por exemplo, por cada 10 participantes, \u00e9 necess\u00e1rio realizar um pr\u00e9-pagamento de 100\u20ac. Se, por algum motivo, houver dificuldade em adiantar esta soma, poder\u00e1 transferir um montante parcial, sendo que a import\u00e2ncia m\u00ednima da cau\u00e7\u00e3o \u00e9 de 200\u20ac.<br>\u2713 Este valor ser\u00e1 <strong>descontado no montante final <\/strong>do acampamento.<br>\u2713 Se cancelar a sua reserva at\u00e9 um m\u00eas antes do evento, procederemos \u00e0 devolu\u00e7\u00e3o parcial do valor, excluindo 100\u20ac para efeitos de servi\u00e7o administrativo. Se cancelar a sua reserva com menos de um m\u00eas de anteced\u00eancia, o pagamento inicial n\u00e3o ser\u00e1 restitu\u00eddo.<br>\u2713 O dep\u00f3sito do valor acordado dever\u00e1 <a href=\"https:\/\/parquediscovery.pt\/pt\/bank\" data-type=\"page\" data-id=\"438\">ser efectuado nesta conta<\/a> e o comprovativo enviado para <a href=\"mailto:team@parquediscovery.pt\">team@parquediscovery.pt<\/a>, com o nome da organiza\u00e7\u00e3o e do respons\u00e1vel do grupo.<br>\u2713 O pagamento integral dever\u00e1 ser efetuado no momento do check-in. Pode ser em numer\u00e1rio, por transfer\u00eancia banc\u00e1ria ou MBWay, com comprovativo da transa\u00e7\u00e3o. N\u00e3o temos multibanco.<\/p>\n\n\n\n<p class=\"rule\">Requeremos uma <strong>lista de todos os participantes<\/strong> com: Nome, Morada, Data de Nascimento<br>e Contacto.<\/p>\n\n\n\n<p class=\"rule\">As <strong>instala\u00e7\u00f5es <\/strong>dever\u00e3o ser deixadas limpas e organizadas, como aquando da chegada.<\/p>\n\n\n\n<p>Caso haja outro grupo que chegue no mesmo dia, o hor\u00e1rio de sa\u00edda dos quartos altera-se para as 11h.<\/p>\n\n\n\n<p class=\"rule-desc has-small-font-size\">\u2713 As <strong>casas-de-banho <\/strong>dever\u00e3o ficar limpas, com o ch\u00e3o lavado e o lixo depositado no contentor \u00e0 entrada do parque.<br>\u2713 Os <strong>quartos <\/strong>dever\u00e3o ficar arejados, cada colch\u00e3o com o len\u00e7ol esticado, o ch\u00e3o lavado e o lixo no contentor exterior.<br>\u2713 O <strong>refeit\u00f3rio <\/strong>dever\u00e1 ser limpo (mesas e ch\u00e3o), o lixo por baixo da \u00e1rea da churrasqueira despejado e o grelhador completamente limpo, caso tenha sido utilizado. As cinzas do carv\u00e3o s\u00e3o depositadas no balde de metal cinzento.<br>\u2713 A <strong>cozinha <\/strong>dever\u00e1 ser deixada limpa (bancadas, fog\u00f5es, frigor\u00edficos, ch\u00e3o), a loi\u00e7a usada lavada e seca, e o lixo despejado no contentor do lado de fora do parque.<br>\u2713 O <strong>audit\u00f3rio <\/strong>dever\u00e1 ser lavado, as cadeiras organizadas, assim como o equipamento.<br><em><mark style=\"background-color:rgba(0, 0, 0, 0)\" class=\"has-inline-color has-primary-color\">No final do acampamento, um dos respons\u00e1veis do parque verificar\u00e1 cada sec\u00e7\u00e3o com o organizador do evento.<\/mark><\/em><\/p>\n\n\n\n<p class=\"rule\">Os <strong>len\u00e7\u00f3is dispostos nas camas <\/strong>s\u00e3o para proteger os colch\u00f5es e n\u00e3o substituem os len\u00e7\u00f3is pessoais do campista. Em caso de degrada\u00e7\u00e3o ou sujidade deste resguardo, ser\u00e3o cobrados 3\u20ac.<\/p>\n\n\n\n<p class=\"rule\">Por favor, <strong>n\u00e3o remova mob\u00edlia <\/strong>de uma divis\u00e3o para outra, sem consentimento pr\u00e9vio. Se precisar de algum utens\u00edlio dom\u00e9stico, equipamento digital ou qualquer outro item, fale connosco, que cederemos de bom grado.<\/p>\n\n\n\n<p class=\"rule\">Devido \u00e0 limitada pot\u00eancia el\u00e9trica, n\u00e3o \u00e9 permitida a utiliza\u00e7\u00e3o de <strong>secadores de cabelo nem de eletrodom\u00e9sticos <\/strong>que n\u00e3o estejam inclu\u00eddos no parque. \u00c9 necess\u00e1ria autoriza\u00e7\u00e3o pr\u00e9via para o uso de outros aparelhos externos. Gratos pela compreens\u00e3o.<\/p>\n\n\n\n<p class=\"rule\">O <strong>hor\u00e1rio de sil\u00eancio <\/strong>na zona dos dormit\u00f3rios inicia-se \u00e0s <strong>22 horas<\/strong>. No entanto, n\u00e3o h\u00e1 restri\u00e7\u00f5es quanto ao n\u00edvel de som nas \u00e1reas do refeit\u00f3rio e do audit\u00f3rio.<\/p>\n\n\n\n<p class=\"rule\">A <strong>entrada de animais de estima\u00e7\u00e3o est\u00e1 interdita <\/strong>no recinto do parque.<\/p>\n\n\n\n<p class=\"rule\">Por favor, <strong>n\u00e3o deixe lixo no Parque<\/strong>. Infelizmente, itens que, por experi\u00eancia pr\u00f3pria, n\u00e3o podem ser evitados, como bal\u00f5es (incluindo \u00abbombas de \u00e1gua\u00bb), doces embalados individualmente, confetes, spray de tinta e fogos de artif\u00edcio, devem ser evitados. Por favor, remova completamente os vest\u00edgios de jogos ao ar livre (como ralis, gincanas, ca\u00e7a ao tesouro).<\/p>\n\n\n\n<p class=\"rule\">Os <strong>ve\u00edculos dos participantes <\/strong>dever\u00e3o ficar no parque de estacionamento exterior. N\u00e3o \u00e9 permitida a sua entrada no recinto do parque, a n\u00e3o ser para descarregar alimentos na cozinha, ou equipamento eletr\u00f3nico no audit\u00f3rio.<\/p>\n\n\n\n<p class=\"rule\"><strong>O trampolim<\/strong> pode suportar um peso <strong>m\u00e1ximo de 100 kg<\/strong> e n\u00e3o podem saltar mais de <strong>duas pessoas<\/strong> ao mesmo tempo. As crian\u00e7as devem ser supervisionadas durante a utiliza\u00e7\u00e3o.<\/p>\n\n\n\n<p class=\"rule\"><strong>Piscina<\/strong><\/p>\n\n\n\n<p class=\"rule-desc has-small-font-size\">\u2713 S\u00f3 \u00e9 permitida a sua utiliza\u00e7\u00e3o com o m\u00ednimo de 2 participantes<br>\u2713 <strong>As crian\u00e7as dever\u00e3o ser acompanhadas e supervisionadas a cada momento<\/strong><br>\u2713 Por favor, n\u00e3o pise na cobertura de madeira \u00e0 beira da piscina<br>\u2713 S\u00f3 \u00e9 permitida a sua utiliza\u00e7\u00e3o com <strong>fato-de-banho<\/strong>. Qualquer tipo de roupa \u00e9 restrito<br>\u2713 Os cabelos compridos dever\u00e3o ser apanhados antes da entrada na piscina<\/p>\n\n\n\n<p class=\"rule\">Lista de <strong>utens\u00edlios \u00fateis <\/strong>a trazer por parte da Organiza\u00e7\u00e3o<\/p>\n\n\n\n<p class=\"rule-desc has-small-font-size\">\u2713 \u00c1gua engarrafada<br>\u2713 Papel de cozinha; guardanapos<br>\u2713 Panos de cozinha<br>\u2713 Detergentes: ch\u00e3o, loi\u00e7a, produtos antibacterianos, etc.<br>\u2713 Papel higi\u00e9nico<br>\u2713 Kit de Primeiros-Socorros<br>\u2713 Carv\u00e3o e acendalhas para o grelhador. N\u00e3o \u00e9 permitido a utiliza\u00e7\u00e3o de pinhas, cepos ou lenha.<\/p>\n\n\n\n<p class=\"rule\">Lista de <strong>itens \u00fateis <\/strong>a trazer por parte do Campista<\/p>\n\n\n\n<p class=\"rule-desc has-small-font-size\">\u2713 <strong>Len\u00e7\u00f3is (ou saco-de-cama), cobertores, almofada e toalhas<\/strong><br>\u2713 <strong>Artigos de higiene pessoal<\/strong><br>\u2713 Roupa e cal\u00e7ado confort\u00e1veis<br>\u2713 Lanterna (opcional)<br>\u2713 Repelente, Protetor Solar, Chap\u00e9u<br>\u2713 \u00c1gua engarrafada<br>\u2713 B\u00edblia, bloco de notas e caneta<\/p>\n\n\n\n<p class=\"has-text-align-center\"><strong>Estas regras do parque s\u00e3o vinculativas para todos os h\u00f3spedes!<br>Gratos pela Prefer\u00eancia!<\/strong><\/p>\n<\/div>\n<\/div>\n","protected":false},"excerpt":{"rendered":"<p>Ajude a preservar o Parque Discovery como um local de alegria e descoberta \u2013 para si, para os outros, para a pr\u00f3xima gera\u00e7\u00e3o.<br \/> A sua[\u2026]<\/p>\n","protected":false},"author":1,"featured_media":1948,"parent":0,"menu_order":0,"comment_status":"closed","ping_status":"closed","template":"","meta":{"remove_blocks_before_content":false,"remove_blocks_after_content":false,"disable_reading_progress_bar":false,"inline_featured_image":false,"footnotes":""},"class_list":["post-531","page","type-page","status-publish","has-post-thumbnail","hentry"],"_links":{"self":[{"href":"https:\/\/parquediscovery.pt\/pt\/wp-json\/wp\/v2\/pages\/531","targetHints":{"allow":["GET"]}}],"collection":[{"href":"https:\/\/parquediscovery.pt\/pt\/wp-json\/wp\/v2\/pages"}],"about":[{"href":"https:\/\/parquediscovery.pt\/pt\/wp-json\/wp\/v2\/types\/page"}],"author":[{"embeddable":true,"href":"https:\/\/parquediscovery.pt\/pt\/wp-json\/wp\/v2\/users\/1"}],"replies":[{"embeddable":true,"href":"https:\/\/parquediscovery.pt\/pt\/wp-json\/wp\/v2\/comments?post=531"}],"version-history":[{"count":62,"href":"https:\/\/parquediscovery.pt\/pt\/wp-json\/wp\/v2\/pages\/531\/revisions"}],"predecessor-version":[{"id":5244,"href":"https:\/\/parquediscovery.pt\/pt\/wp-json\/wp\/v2\/pages\/531\/revisions\/5244"}],"wp:featuredmedia":[{"embeddable":true,"href":"https:\/\/parquediscovery.pt\/pt\/wp-json\/wp\/v2\/media\/1948"}],"wp:attachment":[{"href":"https:\/\/parquediscovery.pt\/pt\/wp-json\/wp\/v2\/media?parent=531"}],"curies":[{"name":"wp","href":"https:\/\/api.w.org\/{rel}","templated":true}]}}