{"id":2954,"date":"2025-04-23T18:40:02","date_gmt":"2025-04-23T17:40:02","guid":{"rendered":"https:\/\/parquediscovery.pt\/pt\/?post_type=product&#038;p=2954"},"modified":"2025-04-25T12:13:48","modified_gmt":"2025-04-25T11:13:48","slug":"creatio","status":"publish","type":"product","link":"https:\/\/parquediscovery.pt\/pt\/book\/creatio","title":{"rendered":"Creatio"},"content":{"rendered":"<p><strong>CREATIO<\/strong> \u00e9 um livro did\u00e1tico no qual o modelo b\u00edblico da cria\u00e7\u00e3o \u00e9 apresentado em pormenor.<\/p>\n<p><strong>CREATIO<\/strong> \u00e9 adequado para jovens a partir dos 14 anos. Com base no estado atual da ci\u00eancia, at\u00e9 mesmo quest\u00f5es complicadas s\u00e3o explicadas de uma forma facilmente compreens\u00edvel. Para al\u00e9m do livro em formato PDF, o DVD que o acompanha fornece documenta\u00e7\u00e3o adicional e mais aprofundada.<\/p>\n<p><strong>CREATIO<\/strong> deixa claro que a pergunta \u201cde onde e para onde\u201d n\u00e3o deve ser respondida apenas por observa\u00e7\u00e3o e conclus\u00f5es, mas, em \u00faltima an\u00e1lise, pela f\u00e9. Neste livro, torna-se claro que muitos dos factos encontrados hoje podem ser explicados usando o modelo da cria\u00e7\u00e3o.<\/p>\n<p><strong>CREATIO<\/strong> cria assim uma ferramenta valiosa para o ensino da teoria sistem\u00e1tica da cria\u00e7\u00e3o nas escolas.<\/p>\n","protected":false},"excerpt":{"rendered":"<p><strong>Comprar no Parque Discovery<\/strong><br \/>\n<a href=\"\/pt\/about#contact\">Endere\u00e7o<\/a><\/p>\n<p><strong>Comprar na Daniel Verlag<\/strong><br \/>\n<a href=\"https:\/\/www.<br \/>daniel-verlag.<br \/>de\/produkt\/vom-stein-creatio-portugiesisch\/&#8221; target=&#8221;_blank&#8221; rel=&#8221;noopener&#8221;>Portugu\u00eas<\/a> <a href=\"https:\/\/www.<br \/>daniel-verlag.<br \/>de\/produkt\/vom-stein-creatio\/&#8221; target=&#8221;_blank&#8221; rel=&#8221;noopener&#8221;>Alem\u00e3o<\/a> <a href=\"https:\/\/www.<br \/>daniel-verlag.<br \/>de\/produkt\/vom-stein-creatio-russisch\/&#8221; target=&#8221;_blank&#8221; rel=&#8221;noopener&#8221;>Russo<\/a> <a href=\"https:\/\/www.<br \/>daniel-verlag.<br \/>de\/produkt\/vom-stein-creatio-franzoesisch\/&#8221; target=&#8221;_blank&#8221; rel=&#8221;noopener&#8221;>Franc\u00eas<\/a> <a href=\"https:\/\/www.<br \/>daniel-verlag.<br \/>de\/produkt\/vom-stein-creatio-spanisch\/&#8221; target=&#8221;_blank&#8221; rel=&#8221;noopener&#8221;>Espanhol<\/a> <a href=\"https:\/\/www.<br \/>daniel-verlag.<br \/>de\/produkt\/vom-stein-creatio-ungarisch\/&#8221; target=&#8221;_blank&#8221; rel=&#8221;noopener&#8221;>H\u00fangaro<\/a><\/p>\n<p><a href=\"https:\/\/www.<br \/>daniel-verlag.<br \/>de\/produkt\/creatio-buchpaket-20-exemplare\/&#8221; target=&#8221;_blank&#8221; rel=&#8221;noopener&#8221;>Pacote de livros, 20 exemplares<\/a><\/p>\n<p>CREATIO \u00e9 um livro did\u00e1tico no qual o modelo b\u00edblico da cria\u00e7\u00e3o \u00e9 apresentado em pormenor.<\/p>\n","protected":false},"featured_media":3023,"template":"","meta":{"remove_blocks_before_content":false,"remove_blocks_after_content":false,"disable_reading_progress_bar":false,"inline_featured_image":false},"product_brand":[],"product_cat":[63],"product_tag":[],"class_list":{"0":"post-2954","1":"product","2":"type-product","3":"status-publish","4":"has-post-thumbnail","6":"product_cat-unkategorisiert","8":"first","9":"instock","10":"shipping-taxable","11":"product-type-external","12":"customify-col"},"_links":{"self":[{"href":"https:\/\/parquediscovery.pt\/pt\/wp-json\/wp\/v2\/product\/2954","targetHints":{"allow":["GET"]}}],"collection":[{"href":"https:\/\/parquediscovery.pt\/pt\/wp-json\/wp\/v2\/product"}],"about":[{"href":"https:\/\/parquediscovery.pt\/pt\/wp-json\/wp\/v2\/types\/product"}],"wp:featuredmedia":[{"embeddable":true,"href":"https:\/\/parquediscovery.pt\/pt\/wp-json\/wp\/v2\/media\/3023"}],"wp:attachment":[{"href":"https:\/\/parquediscovery.pt\/pt\/wp-json\/wp\/v2\/media?parent=2954"}],"wp:term":[{"taxonomy":"product_brand","embeddable":true,"href":"https:\/\/parquediscovery.pt\/pt\/wp-json\/wp\/v2\/product_brand?post=2954"},{"taxonomy":"product_cat","embeddable":true,"href":"https:\/\/parquediscovery.pt\/pt\/wp-json\/wp\/v2\/product_cat?post=2954"},{"taxonomy":"product_tag","embeddable":true,"href":"https:\/\/parquediscovery.pt\/pt\/wp-json\/wp\/v2\/product_tag?post=2954"}],"curies":[{"name":"wp","href":"https:\/\/api.w.org\/{rel}","templated":true}]}}