{"id":3030,"date":"2025-04-24T15:04:34","date_gmt":"2025-04-24T14:04:34","guid":{"rendered":"https:\/\/parquediscovery.pt\/en\/?post_type=product&#038;p=3030"},"modified":"2025-04-27T19:42:53","modified_gmt":"2025-04-27T18:42:53","slug":"darwin","status":"publish","type":"product","link":"https:\/\/parquediscovery.pt\/pt\/book\/darwin","title":{"rendered":"E agora, Sr. Darwin?"},"content":{"rendered":"<p>Em 24 de novembro de 1859, o famoso editor londrino John Murray publicou uma monografia de 500 p\u00e1ginas com o complicado t\u00edtulo A Origem das Esp\u00e9cies por Meio da Sele\u00e7\u00e3o Natural, ou a Preserva\u00e7\u00e3o das Ra\u00e7as Favorecidas na Luta pela Vida.<\/p>\n<p>Foi o farol para o in\u00edcio de uma nova era. O autor, Charles R. Darwin, convenceu a comunidade cient\u00edfica com as suas ideias e derrubou a vis\u00e3o do mundo existente. Mas manteve-se cauteloso, sempre pronto a ver a sua teoria da evolu\u00e7\u00e3o refutada por objec\u00e7\u00f5es cient\u00edficas:<br \/>\n\u201cSe se pudesse demonstrar que existe algum \u00f3rg\u00e3o complexo que n\u00e3o pudesse ter sido formado por numerosas, sucessivas e ligeiras altera\u00e7\u00f5es, a minha teoria cairia por terra\u201d.<br \/>\nIsso foi h\u00e1 150 anos. Desde ent\u00e3o, o conhecimento sobre a natureza explodiu. Todo o edif\u00edcio do pensamento aparece sob uma luz completamente nova. No entanto, as suas consequ\u00eancias j\u00e1 n\u00e3o podem ser revertidas.<\/p>\n<p><strong>E agora, Sr. Darwin?<\/strong><br \/>\n\u00c9 uma sec\u00e7\u00e3o transversal de Charles Darwin muito interessante, f\u00e1cil de compreender e de ler. Aborda tr\u00eas quest\u00f5es:<br \/>\nI. Quem era ele?<br \/>\nII. O que \u00e9 que ele ensinou?<br \/>\nIII. O que \u00e9 que ele conseguiu?<\/p>\n<p>Alexander vom Stein estudou biologia e h\u00e1 muitos anos que trabalha intensamente sobre a vis\u00e3o cient\u00edfica e b\u00edblica das quest\u00f5es das origens.<\/p>\n","protected":false},"excerpt":{"rendered":"<p>Charles Darwin, Vida &#8211; Obra &#8211; Impacto a longo prazo<\/p>\n<p><strong>Comprar no Parque Discovery<\/strong><br \/>\n<a href=\"\/pt\/about#contact\">Endere\u00e7o<\/a><\/p>\n<p><strong>Comprar na Daniel Verlag<\/strong><br \/>\n<a href=\"https:\/\/www.<br \/>daniel-verlag.<br \/>de\/produkt\/vom-stein-was-nun-mr-darwin\/&#8221; target=&#8221;_blank&#8221; rel=&#8221;noopener&#8221;>Alem\u00e3o aberto<\/a><\/p>\n","protected":false},"featured_media":3040,"template":"","meta":{"remove_blocks_before_content":false,"remove_blocks_after_content":false,"disable_reading_progress_bar":false,"inline_featured_image":false},"product_brand":[],"product_cat":[63],"product_tag":[],"class_list":{"0":"post-3030","1":"product","2":"type-product","3":"status-publish","4":"has-post-thumbnail","6":"product_cat-unkategorisiert","8":"first","9":"instock","10":"shipping-taxable","11":"product-type-external","12":"customify-col"},"_links":{"self":[{"href":"https:\/\/parquediscovery.pt\/pt\/wp-json\/wp\/v2\/product\/3030","targetHints":{"allow":["GET"]}}],"collection":[{"href":"https:\/\/parquediscovery.pt\/pt\/wp-json\/wp\/v2\/product"}],"about":[{"href":"https:\/\/parquediscovery.pt\/pt\/wp-json\/wp\/v2\/types\/product"}],"wp:featuredmedia":[{"embeddable":true,"href":"https:\/\/parquediscovery.pt\/pt\/wp-json\/wp\/v2\/media\/3040"}],"wp:attachment":[{"href":"https:\/\/parquediscovery.pt\/pt\/wp-json\/wp\/v2\/media?parent=3030"}],"wp:term":[{"taxonomy":"product_brand","embeddable":true,"href":"https:\/\/parquediscovery.pt\/pt\/wp-json\/wp\/v2\/product_brand?post=3030"},{"taxonomy":"product_cat","embeddable":true,"href":"https:\/\/parquediscovery.pt\/pt\/wp-json\/wp\/v2\/product_cat?post=3030"},{"taxonomy":"product_tag","embeddable":true,"href":"https:\/\/parquediscovery.pt\/pt\/wp-json\/wp\/v2\/product_tag?post=3030"}],"curies":[{"name":"wp","href":"https:\/\/api.w.org\/{rel}","templated":true}]}}