{"id":3058,"date":"2025-04-24T16:00:04","date_gmt":"2025-04-24T15:00:04","guid":{"rendered":"https:\/\/parquediscovery.pt\/de\/?post_type=product&#038;p=3058"},"modified":"2025-04-27T19:43:42","modified_gmt":"2025-04-27T18:43:42","slug":"hiob","status":"publish","type":"product","link":"https:\/\/parquediscovery.pt\/pt\/book\/hiob","title":{"rendered":"Mensagem de Job"},"content":{"rendered":"<p>Este coment\u00e1rio extraordin\u00e1rio apresenta ao leitor a \u201cMensagem de Job\u201d: Deus reina como o Criador omnipotente, soberano e cuidadoso, prosseguindo um bom plano em todas as coisas e alcan\u00e7ando um objetivo perfeito.<br \/>\nExcursos emocionantes ao mundo da ci\u00eancia aprofundam e confirmam as afirma\u00e7\u00f5es da hist\u00f3ria natural deste mais antigo livro b\u00edblico de uma forma surpreendente.<\/p>\n","protected":false},"excerpt":{"rendered":"<p>Cole\u00e7\u00e3o de coment\u00e1rios e excursos<\/p>\n<p><strong>Comprar no Parque Discovery<\/strong><br \/>\n<a href=\"\/pt\/about#contact\">Endere\u00e7o<\/a><\/p>\n<p><strong>Comprar na Daniel Verlag<\/strong><br \/>\n<a href=\"https:\/\/www.<br \/>daniel-verlag.<br \/>de\/produkt\/vom-stein-hiobs-botschaft\/&#8221; target=&#8221;_blank&#8221; rel=&#8221;noopener&#8221;>Alem\u00e3o aberto<\/a><\/p>\n","protected":false},"featured_media":3037,"template":"","meta":{"remove_blocks_before_content":false,"remove_blocks_after_content":false,"disable_reading_progress_bar":false,"inline_featured_image":false},"product_brand":[],"product_cat":[63],"product_tag":[],"class_list":{"0":"post-3058","1":"product","2":"type-product","3":"status-publish","4":"has-post-thumbnail","6":"product_cat-unkategorisiert","8":"first","9":"instock","10":"shipping-taxable","11":"product-type-external","12":"customify-col"},"_links":{"self":[{"href":"https:\/\/parquediscovery.pt\/pt\/wp-json\/wp\/v2\/product\/3058","targetHints":{"allow":["GET"]}}],"collection":[{"href":"https:\/\/parquediscovery.pt\/pt\/wp-json\/wp\/v2\/product"}],"about":[{"href":"https:\/\/parquediscovery.pt\/pt\/wp-json\/wp\/v2\/types\/product"}],"wp:featuredmedia":[{"embeddable":true,"href":"https:\/\/parquediscovery.pt\/pt\/wp-json\/wp\/v2\/media\/3037"}],"wp:attachment":[{"href":"https:\/\/parquediscovery.pt\/pt\/wp-json\/wp\/v2\/media?parent=3058"}],"wp:term":[{"taxonomy":"product_brand","embeddable":true,"href":"https:\/\/parquediscovery.pt\/pt\/wp-json\/wp\/v2\/product_brand?post=3058"},{"taxonomy":"product_cat","embeddable":true,"href":"https:\/\/parquediscovery.pt\/pt\/wp-json\/wp\/v2\/product_cat?post=3058"},{"taxonomy":"product_tag","embeddable":true,"href":"https:\/\/parquediscovery.pt\/pt\/wp-json\/wp\/v2\/product_tag?post=3058"}],"curies":[{"name":"wp","href":"https:\/\/api.w.org\/{rel}","templated":true}]}}