{"id":3071,"date":"2025-04-25T10:45:29","date_gmt":"2025-04-25T09:45:29","guid":{"rendered":"https:\/\/parquediscovery.pt\/de\/?post_type=product&#038;p=3071"},"modified":"2025-04-25T12:08:55","modified_gmt":"2025-04-25T11:08:55","slug":"landlaeufer","status":"publish","type":"product","link":"https:\/\/parquediscovery.pt\/pt\/book\/landlaeufer","title":{"rendered":"pa\u00eds:corredor"},"content":{"rendered":"<p>Para que mam\u00edfero \u00e9 que uma sesta significa morte certa? Quem \u00e9 que cozinha ao sol durante o dia e entra em \u201chiberna\u00e7\u00e3o\u201d \u00e0 noite? Quem \u00e9 que viaja constantemente a 160 km\/h? Quem \u00e9 que ganha o duelo \u201cle\u00e3o vs. tigre\u201d? Que mam\u00edfero consegue detetar uma infe\u00e7\u00e3o por COVID-19? A cor do pelo das ovelhas e cabras pode realmente ser influenciada por paus de madeira na \u00e1gua de beber?<\/p>\n<p>Estas e muitas outras perguntas interessantes s\u00e3o respondidas neste livro. \u00c9 mais do que uma cole\u00e7\u00e3o colorida de factos &#8230;<\/p>\n<p>\u201cPergunta aos animais, eles ensinar-te-\u00e3o&#8230; Todos eles sabem que o Senhor os criou.\u201d Job chama-nos a aten\u00e7\u00e3o a partir do livro mais antigo da B\u00edblia. Se \u201cperguntares\u201d aos animais, n\u00e3o s\u00f3 reconhecer\u00e1s o cuidado e o engenho de Deus, como tamb\u00e9m ficar\u00e1s surpreendido com a forma como as nossas criaturas ilustram as afirma\u00e7\u00f5es b\u00edblicas.<\/p>\n","protected":false},"excerpt":{"rendered":"<p>Os animais do campo<\/p>\n<p><strong>Comprar no Parque Discovery<\/strong><br \/>\n<a href=\"\/pt\/about#contact\">Endere\u00e7o<\/a><\/p>\n<p><strong>Comprar na Daniel Verlag<\/strong><br \/>\n<a href=\"https:\/\/www.<br \/>daniel-verlag.<br \/>de\/produkt\/landlaeufer\/&#8221; target=&#8221;_blank&#8221; rel=&#8221;noopener&#8221;>Alem\u00e3o aberto<\/a><\/p>\n","protected":false},"featured_media":3038,"template":"","meta":{"remove_blocks_before_content":false,"remove_blocks_after_content":false,"disable_reading_progress_bar":false,"inline_featured_image":false},"product_brand":[],"product_cat":[63],"product_tag":[],"class_list":{"0":"post-3071","1":"product","2":"type-product","3":"status-publish","4":"has-post-thumbnail","6":"product_cat-unkategorisiert","8":"first","9":"instock","10":"shipping-taxable","11":"product-type-external","12":"customify-col"},"_links":{"self":[{"href":"https:\/\/parquediscovery.pt\/pt\/wp-json\/wp\/v2\/product\/3071","targetHints":{"allow":["GET"]}}],"collection":[{"href":"https:\/\/parquediscovery.pt\/pt\/wp-json\/wp\/v2\/product"}],"about":[{"href":"https:\/\/parquediscovery.pt\/pt\/wp-json\/wp\/v2\/types\/product"}],"wp:featuredmedia":[{"embeddable":true,"href":"https:\/\/parquediscovery.pt\/pt\/wp-json\/wp\/v2\/media\/3038"}],"wp:attachment":[{"href":"https:\/\/parquediscovery.pt\/pt\/wp-json\/wp\/v2\/media?parent=3071"}],"wp:term":[{"taxonomy":"product_brand","embeddable":true,"href":"https:\/\/parquediscovery.pt\/pt\/wp-json\/wp\/v2\/product_brand?post=3071"},{"taxonomy":"product_cat","embeddable":true,"href":"https:\/\/parquediscovery.pt\/pt\/wp-json\/wp\/v2\/product_cat?post=3071"},{"taxonomy":"product_tag","embeddable":true,"href":"https:\/\/parquediscovery.pt\/pt\/wp-json\/wp\/v2\/product_tag?post=3071"}],"curies":[{"name":"wp","href":"https:\/\/api.w.org\/{rel}","templated":true}]}}