{"id":3073,"date":"2025-04-25T11:02:27","date_gmt":"2025-04-25T10:02:27","guid":{"rendered":"https:\/\/parquediscovery.pt\/de\/?post_type=product&#038;p=3073"},"modified":"2025-04-27T19:40:34","modified_gmt":"2025-04-27T18:40:34","slug":"deus-neste-mundo","status":"publish","type":"product","link":"https:\/\/parquediscovery.pt\/pt\/book\/deus-neste-mundo","title":{"rendered":"Onde est\u00e1 deus neste mundo?"},"content":{"rendered":"<p>O autor, Professor Em\u00e9rito de Matem\u00e1tica da Universidade de Oxford, comenta sobre a crise atual do coronav\u00edrus. Ele imagina-se sentado num caf\u00e9 com o leitor. Ent\u00e3o, este pergunta-lhe o que ele pensa a respeito da crise. John Lennox descreve os seus pensamentos e, inevitavelmente, fala sobre Deus. Ele convida o leitor a repensar a sua f\u00e9, a confiar em Deus e a aceitar a salva\u00e7\u00e3o oferecida por Jesus. Este \u00e9 um livro impressionante, que ir\u00e1 expandir os horizontes de todos aqueles que procuram respostas para as grandes quest\u00f5es da vida.<\/p>\n","protected":false},"excerpt":{"rendered":"<p>E, o que dizer a respeito do covid-19?<\/p>\n<p><strong>Comprar no Parque Discovery<\/strong><br \/>\n<a href=\"\/pt\/about#contact\">Endere\u00e7o<\/a><\/p>\n","protected":false},"featured_media":3035,"template":"","meta":{"remove_blocks_before_content":false,"remove_blocks_after_content":false,"disable_reading_progress_bar":false,"inline_featured_image":false},"product_brand":[],"product_cat":[63],"product_tag":[],"class_list":{"0":"post-3073","1":"product","2":"type-product","3":"status-publish","4":"has-post-thumbnail","6":"product_cat-unkategorisiert","8":"first","9":"instock","10":"shipping-taxable","11":"product-type-external","12":"customify-col"},"_links":{"self":[{"href":"https:\/\/parquediscovery.pt\/pt\/wp-json\/wp\/v2\/product\/3073","targetHints":{"allow":["GET"]}}],"collection":[{"href":"https:\/\/parquediscovery.pt\/pt\/wp-json\/wp\/v2\/product"}],"about":[{"href":"https:\/\/parquediscovery.pt\/pt\/wp-json\/wp\/v2\/types\/product"}],"wp:featuredmedia":[{"embeddable":true,"href":"https:\/\/parquediscovery.pt\/pt\/wp-json\/wp\/v2\/media\/3035"}],"wp:attachment":[{"href":"https:\/\/parquediscovery.pt\/pt\/wp-json\/wp\/v2\/media?parent=3073"}],"wp:term":[{"taxonomy":"product_brand","embeddable":true,"href":"https:\/\/parquediscovery.pt\/pt\/wp-json\/wp\/v2\/product_brand?post=3073"},{"taxonomy":"product_cat","embeddable":true,"href":"https:\/\/parquediscovery.pt\/pt\/wp-json\/wp\/v2\/product_cat?post=3073"},{"taxonomy":"product_tag","embeddable":true,"href":"https:\/\/parquediscovery.pt\/pt\/wp-json\/wp\/v2\/product_tag?post=3073"}],"curies":[{"name":"wp","href":"https:\/\/api.w.org\/{rel}","templated":true}]}}