{"id":3075,"date":"2025-04-25T11:23:31","date_gmt":"2025-04-25T10:23:31","guid":{"rendered":"https:\/\/parquediscovery.pt\/de\/?post_type=product&#038;p=3075"},"modified":"2025-04-27T19:41:39","modified_gmt":"2025-04-27T18:41:39","slug":"informacao","status":"publish","type":"product","link":"https:\/\/parquediscovery.pt\/pt\/book\/informacao","title":{"rendered":"Informa\u00e7\u00e3o &#8211; A Chave para a Vida"},"content":{"rendered":"<p>T\u00eam surgido muitos argumentos plaus\u00edveis que se op\u00f5em \u00e0s declara\u00e7\u00f5es doutrin\u00e1rias do ate\u00edsmo, da evolu\u00e7\u00e3o e do Big Bang. Este livro d\u00e1 um passo \u00e0 frente e apresenta uma nova abordagem que derruba os quatro pilares da cosmovis\u00e3o ate\u00edsta, com o suporte das leis naturais.<\/p>\n<p>Se se encontrarem leis naturais que contradigam estas ideologias, ent\u00e3o \u00e9 poss\u00edvel derrub\u00e1-las com a mesma efic\u00e1cia com que as leis naturas declaram a impossibilidade de uma m\u00e1quina estar em cont\u00ednuo funcionamento sem o abastecimento de energia. \u00c9 precisamente isto do que este livro se trata.<\/p>\n<p>As caracter\u00edsticas de todos os seres vivos s\u00e3o baseadas na informa\u00e7\u00e3o, assim como todos os ciclos de vida s\u00e3o orientados pela informa\u00e7\u00e3o. De forma a desenvolver o tema da origem da vida, ou da ess\u00eancia dos organismos vivos, \u00e9 necess\u00e1rio primeiramente clarificar o que significa informa\u00e7\u00e3o, como esta \u00e9 criada e quais s\u00e3o as poss\u00edveis leis que se lhe aplicam. Desviando-se da t\u00e3o afamada vis\u00e3o materialista, o autor faz uma clara distin\u00e7\u00e3o entre as<br \/>\nquantidades materiais e n\u00e3o-materiais.<\/p>\n<p>\u00c9 provado, pela primeira vez, que a informa\u00e7\u00e3o \u00e9 uma quantidade n\u00e3o-material, logo, n\u00e3o pode provir de uma fonte material. No cerne da &#8220;Teoria da Informa\u00e7\u00e3o Universal&#8221;, analisada aqui detalhadamente, encontram-se algumas &#8220;Leis Naturais da Informa\u00e7\u00e3o Universal&#8221;. A sua constante aplicabilidade conduz a conclus\u00f5es de longo-alcance sobre a origem de toda a vida.<\/p>\n","protected":false},"excerpt":{"rendered":"<p>As Leis Cient\u00edficas e a Origem da Vida &#8211; Argumentos S\u00f3lidos que confirmam a exist\u00eancia de Deus e refutam o Materialismo e a Evolu\u00e7\u00e3o.<br \/> A Ci\u00eancia e a mensagem de Deus para a Humanidade<\/p>\n<p><strong>Comprar no Parque Discovery<\/strong><br \/>\n<a href=\"\/pt\/about#contact\">Endere\u00e7o<\/a><\/p>\n","protected":false},"featured_media":3034,"template":"","meta":{"remove_blocks_before_content":false,"remove_blocks_after_content":false,"disable_reading_progress_bar":false,"inline_featured_image":false},"product_brand":[],"product_cat":[63],"product_tag":[],"class_list":{"0":"post-3075","1":"product","2":"type-product","3":"status-publish","4":"has-post-thumbnail","6":"product_cat-unkategorisiert","8":"first","9":"instock","10":"shipping-taxable","11":"product-type-external","12":"customify-col"},"_links":{"self":[{"href":"https:\/\/parquediscovery.pt\/pt\/wp-json\/wp\/v2\/product\/3075","targetHints":{"allow":["GET"]}}],"collection":[{"href":"https:\/\/parquediscovery.pt\/pt\/wp-json\/wp\/v2\/product"}],"about":[{"href":"https:\/\/parquediscovery.pt\/pt\/wp-json\/wp\/v2\/types\/product"}],"wp:featuredmedia":[{"embeddable":true,"href":"https:\/\/parquediscovery.pt\/pt\/wp-json\/wp\/v2\/media\/3034"}],"wp:attachment":[{"href":"https:\/\/parquediscovery.pt\/pt\/wp-json\/wp\/v2\/media?parent=3075"}],"wp:term":[{"taxonomy":"product_brand","embeddable":true,"href":"https:\/\/parquediscovery.pt\/pt\/wp-json\/wp\/v2\/product_brand?post=3075"},{"taxonomy":"product_cat","embeddable":true,"href":"https:\/\/parquediscovery.pt\/pt\/wp-json\/wp\/v2\/product_cat?post=3075"},{"taxonomy":"product_tag","embeddable":true,"href":"https:\/\/parquediscovery.pt\/pt\/wp-json\/wp\/v2\/product_tag?post=3075"}],"curies":[{"name":"wp","href":"https:\/\/api.w.org\/{rel}","templated":true}]}}